{"id":10690,"date":"2021-09-03T07:39:32","date_gmt":"2021-09-03T07:39:32","guid":{"rendered":"https:\/\/ecologicalfarming.ma\/?post_type=product&#038;p=10690"},"modified":"2024-10-07T22:17:37","modified_gmt":"2024-10-07T22:17:37","slug":"masque-5-masque-nila","status":"publish","type":"product","link":"https:\/\/ecologicalfarming.ma\/?product=masque-5-masque-nila","title":{"rendered":"<span style=\"color: #470796;\"><p>MASQUE 5<\/p><\/span> <span style=\"color: #ff00a6;\"><p>MASQUE NILA<\/p><\/span> <span style=\"color: #944a4f;\">Poids : 100Gr<\/span>"},"content":{"rendered":"<p><span style=\"color: #470796;\">MASQUE 5 : <span style=\"color: #fb068b;\">MASQUE NILA<\/span><\/span><\/p>\n<p>\u2666 VISAGE<br \/>\n\u2666 C\u00c9R\u00c9ALES BIO<br \/>\n\u2666 NILA BIO<br \/>\n\u2666 PLANTES AROMATIQUES ET M\u00c9DICINALES<\/p>\n<ul>\n<li>SANS ADDITIFS<br \/>\nSANS CONSERVATEURS<\/li>\n<\/ul>\n<p>Notre <span style=\"color: #470796;\">MASQUE VISAGE C\u00c9R\u00c9ALES<\/span> \u00e0 base de <span style=\"color: #fb068b;\">c\u00e9r\u00e9ales, plantes aromatiques et m\u00e9dicinales et nila BIO<\/span>\u00a0de qualit\u00e9 BIO est fra\u00eechement produit sur commande sans aucune substance synth\u00e9tique, sans colorants, sans additifs et sans conservateurs.<\/p>\n<p>Ce produit 100% pur et naturel peut \u00eatre aussi utilis\u00e9 comme savon naturel et permet un soin vraiment sain et durable de votre peau.<br \/>\nM\u00e9langez ce produit id\u00e9alement avec l\u2019eau de rose \u00e0 quantit\u00e9 \u00e9gale jusqu\u2019\u00e0 l\u00b4obtention d\u2019une p\u00e2te homog\u00e8ne et laissez poser 10 minutes. Cependant lavez (avec un savon naturel) et s\u00e9chez votre visage puis appliquez avec la main en effectuant des mouvements circulaires et en \u00e9vitant le contour des yeux.<br \/>\nLaissez agir environ 10 \u00e0 15 minutes avant de rincer \u00e0 l\u2019eau ti\u00e8de ou sous la douche. S\u00e9chez votre visage avec une serviette douce et appliquer ensuite une cr\u00e8me hydratante<\/p>\n","protected":false},"excerpt":{"rendered":"<p>MASQUE 5 : MASQUE NILA \u2666 VISAGE \u2666 C\u00c9R\u00c9ALES BIO \u2666 NILA BIO \u2666 PLANTES AROMATIQUES ET M\u00c9DICINALES SANS ADDITIFS SANS CONSERVATEURS Notre MASQUE VISAGE C\u00c9R\u00c9ALES \u00e0 base de c\u00e9r\u00e9ales, plantes aromatiques et m\u00e9dicinales et nila BIO\u00a0de qualit\u00e9 BIO est fra\u00eechement produit sur commande sans aucune substance synth\u00e9tique, sans colorants, sans additifs et sans conservateurs. [&hellip;]<\/p>\n","protected":false},"featured_media":10691,"template":"","meta":[],"product_cat":[40,552,463],"product_tag":[],"_links":{"self":[{"href":"https:\/\/ecologicalfarming.ma\/index.php?rest_route=\/wp\/v2\/product\/10690"}],"collection":[{"href":"https:\/\/ecologicalfarming.ma\/index.php?rest_route=\/wp\/v2\/product"}],"about":[{"href":"https:\/\/ecologicalfarming.ma\/index.php?rest_route=\/wp\/v2\/types\/product"}],"wp:featuredmedia":[{"embeddable":true,"href":"https:\/\/ecologicalfarming.ma\/index.php?rest_route=\/wp\/v2\/media\/10691"}],"wp:attachment":[{"href":"https:\/\/ecologicalfarming.ma\/index.php?rest_route=%2Fwp%2Fv2%2Fmedia&parent=10690"}],"wp:term":[{"taxonomy":"product_cat","embeddable":true,"href":"https:\/\/ecologicalfarming.ma\/index.php?rest_route=%2Fwp%2Fv2%2Fproduct_cat&post=10690"},{"taxonomy":"product_tag","embeddable":true,"href":"https:\/\/ecologicalfarming.ma\/index.php?rest_route=%2Fwp%2Fv2%2Fproduct_tag&post=10690"}],"curies":[{"name":"wp","href":"https:\/\/api.w.org\/{rel}","templated":true}]}}