{"id":10659,"date":"2021-08-31T19:11:06","date_gmt":"2021-08-31T19:11:06","guid":{"rendered":"https:\/\/ecologicalfarming.ma\/?post_type=product&#038;p=10659"},"modified":"2021-09-01T17:33:23","modified_gmt":"2021-09-01T17:33:23","slug":"naturliches-bio-olivenoel-kraeutern-heilpflanzen","status":"publish","type":"product","link":"https:\/\/ecologicalfarming.ma\/?product=naturliches-bio-olivenoel-kraeutern-heilpflanzen","title":{"rendered":"<br><span style=\"color: #470796;\"><p>SHAMPOING 3<\/p><\/span> <span style=\"color: #ff00a6;\"><p> BIO-OLIVEN<\/span><\/p> <span style=\"color: #944a4f;\">Volume : 200ml<\/span>"},"content":{"rendered":"<p><span style=\"color: #470796;\">SHAMPOING 3 :<\/span> <span style=\"color: #fb068b;\">OLIVEN<\/span><\/p>\n<ul>\n<li>BIO-OLIVEN\u00d6L<\/li>\n<li>KR\u00c4UTER UND HEILPFLANZEN<\/li>\n<\/ul>\n<p>\u2666 OHNE SULFATE<br \/>\n\u2666 OHNE SILIKONE<br \/>\n\u2666 OHNE PARABENE<\/p>\n<p><span style=\"color: #470796;\"><span style=\"color: #333333;\">Unser <\/span>NAT\u00dcRLICHES HAARSHAMPOO 3 <span style=\"color: #333333;\">ist ein frisch auf Bestellung handgefertigte Kreation von h\u00f6chster Qualit\u00e4t auf Basis von <\/span><\/span><span style=\"color: #470796;\"><span style=\"color: #fb068b;\">h\u00f6chster Qualit\u00e4t auf Basis von BIO-Oliven\u00f6l, Kr\u00e4utern und Heilpflanzen <\/span><\/span>ohne Sulfate, Silikone, Parabene und Konservierungsstoffe. Dieses nat\u00fcrliche Haarshampoo versorgt Ihre Haare mit vitalen N\u00e4hrstoffen und Feuchtigkeit, st\u00e4rkt die Haarwurzeln und stimuliert den Haarwuchs. Dabei profitieren Sie nat\u00fcrlich auch von den sch\u00fctzenden und den antioxidativen Eigenschaften des Oliven\u00f6ls.<\/p>\n","protected":false},"excerpt":{"rendered":"<p>SHAMPOING \u00c0 L&#8217;HUILE D&#8217;OLIVE VIERGE ET PLANTES<\/p>\n","protected":false},"featured_media":10680,"template":"","meta":[],"product_cat":[349,750],"product_tag":[],"_links":{"self":[{"href":"https:\/\/ecologicalfarming.ma\/index.php?rest_route=\/wp\/v2\/product\/10659"}],"collection":[{"href":"https:\/\/ecologicalfarming.ma\/index.php?rest_route=\/wp\/v2\/product"}],"about":[{"href":"https:\/\/ecologicalfarming.ma\/index.php?rest_route=\/wp\/v2\/types\/product"}],"wp:featuredmedia":[{"embeddable":true,"href":"https:\/\/ecologicalfarming.ma\/index.php?rest_route=\/wp\/v2\/media\/10680"}],"wp:attachment":[{"href":"https:\/\/ecologicalfarming.ma\/index.php?rest_route=%2Fwp%2Fv2%2Fmedia&parent=10659"}],"wp:term":[{"taxonomy":"product_cat","embeddable":true,"href":"https:\/\/ecologicalfarming.ma\/index.php?rest_route=%2Fwp%2Fv2%2Fproduct_cat&post=10659"},{"taxonomy":"product_tag","embeddable":true,"href":"https:\/\/ecologicalfarming.ma\/index.php?rest_route=%2Fwp%2Fv2%2Fproduct_tag&post=10659"}],"curies":[{"name":"wp","href":"https:\/\/api.w.org\/{rel}","templated":true}]}}