{"id":10657,"date":"2021-08-31T19:09:17","date_gmt":"2021-08-31T19:09:17","guid":{"rendered":"https:\/\/ecologicalfarming.ma\/?post_type=product&#038;p=10657"},"modified":"2021-09-01T01:44:31","modified_gmt":"2021-09-01T01:44:31","slug":"naturliches-haarshampoo-bio-arganoel-bio-honig","status":"publish","type":"product","link":"https:\/\/ecologicalfarming.ma\/?product=naturliches-haarshampoo-bio-arganoel-bio-honig","title":{"rendered":"<br><span style=\"color: #470796;\"><p>SHAMPOOING 1<\/p><\/span> <span style=\"color: #ff00a6;\"><p>ARGAN\u00d6L &#038; HONIG<\/span><\/p> <span style=\"color: #944a4f;\">Volume : 200ml<\/span>"},"content":{"rendered":"<p><span style=\"color: #470796;\">NAT\u00dcRLICHES HAARSHAMPOO 1 :<\/span> <span style=\"color: #fb068b;\">ARGAN\u00d6L &amp; HONIG<\/span><\/p>\n<ul>\n<li>BIO-ARGAN\u00d6L<\/li>\n<li>BIO-HONIG<\/li>\n<\/ul>\n<p>\u2666 OHNE SULFATE<br \/>\n\u2666 OHNE SILIKONE<br \/>\n\u2666 OHNE PARABENE<\/p>\n<p><span style=\"color: #470796;\"><span style=\"color: #333333;\">Unser <\/span>NAT\u00dcRLICHES HAARSHAMPOO 2 <span style=\"color: #333333;\">ist ein frisch auf Bestellung handgefertigte Kreation von h\u00f6chster Qualit\u00e4t auf Basis von <\/span><\/span><span style=\"color: #470796;\"><span style=\"color: #fb068b;\">BIO-Argan\u00f6l und BIO-Honig <\/span><\/span>ohne Sulfate, Silikone, Parabene und Konservierungsstoffe.<br \/>\nDieses nat\u00fcrliche Haarshampoo versorgt Ihre Haare mit vitalen N\u00e4hrstoffen und Feuchtigkeit, st\u00e4rkt die Haarwurzeln und stimuliert den Haarwuchs. Dabei profitieren Sie nat\u00fcrlich auch von den sch\u00fctzenden und den entz\u00fcndungshemmenden Eigenschaften des Argan\u00f6ls,<\/p>\n<p>&nbsp;<\/p>\n","protected":false},"excerpt":{"rendered":"<p>SHAMPOING \u00c0\u00a0 L\u2019HUILE D&#8217;ARGAN ET MIEL BIO<\/p>\n<p>&nbsp;<\/p>\n","protected":false},"featured_media":10668,"template":"","meta":[],"product_cat":[750],"product_tag":[],"_links":{"self":[{"href":"https:\/\/ecologicalfarming.ma\/index.php?rest_route=\/wp\/v2\/product\/10657"}],"collection":[{"href":"https:\/\/ecologicalfarming.ma\/index.php?rest_route=\/wp\/v2\/product"}],"about":[{"href":"https:\/\/ecologicalfarming.ma\/index.php?rest_route=\/wp\/v2\/types\/product"}],"wp:featuredmedia":[{"embeddable":true,"href":"https:\/\/ecologicalfarming.ma\/index.php?rest_route=\/wp\/v2\/media\/10668"}],"wp:attachment":[{"href":"https:\/\/ecologicalfarming.ma\/index.php?rest_route=%2Fwp%2Fv2%2Fmedia&parent=10657"}],"wp:term":[{"taxonomy":"product_cat","embeddable":true,"href":"https:\/\/ecologicalfarming.ma\/index.php?rest_route=%2Fwp%2Fv2%2Fproduct_cat&post=10657"},{"taxonomy":"product_tag","embeddable":true,"href":"https:\/\/ecologicalfarming.ma\/index.php?rest_route=%2Fwp%2Fv2%2Fproduct_tag&post=10657"}],"curies":[{"name":"wp","href":"https:\/\/api.w.org\/{rel}","templated":true}]}}