{"id":10619,"date":"2021-08-25T18:53:23","date_gmt":"2021-08-25T18:53:23","guid":{"rendered":"https:\/\/ecologicalfarming.ma\/?post_type=product&#038;p=10619"},"modified":"2022-01-06T21:52:31","modified_gmt":"2022-01-06T21:52:31","slug":"100gr-naturseife-bio-honig-safran","status":"publish","type":"product","link":"https:\/\/ecologicalfarming.ma\/?product=100gr-naturseife-bio-honig-safran","title":{"rendered":"<span style=\"color: #470796;\"><p>NATURSEIFE 3<\/p><\/span> <span style=\"color: #ff00a6;\"><p>ARGAN\u00d6L &#038; BIO-HONIG &#038; SAFRAN<\/span><\/p> <span style=\"color: #944a4f;\">Gewicht : 100Gr<\/span>"},"content":{"rendered":"<p><span style=\"color: #470796;\">NATURSEIFE 3 :<\/span> <span style=\"color: #fb068b;\">ARGAN\u00d6L &amp; BIO-HONIG &amp; SAFRAN<\/span><\/p>\n<p>\u2666 BIO-LAVENDEL<br \/>\n\u2666 BIO- HONIG<br \/>\n\u2666 BIO-SAFRAN<br \/>\n\u2666 NAT\u00dcRLICHES GLYCERIN<\/p>\n<ul>\n<li style=\"list-style-type: none;\">\n<ul>\n<li style=\"list-style-type: none;\">\n<ul>\n<li>OHNE PARAFFINE<\/li>\n<li>OHNE PARABENE<\/li>\n<li>OHNE SILIKATE<\/li>\n<\/ul>\n<\/li>\n<\/ul>\n<\/li>\n<\/ul>\n<p>Unsere <span style=\"color: #470796;\">NATURSEIFE 5 <\/span>ist ein frisch auf Bestellung handgefertigte Kreation von h\u00f6chster Qualit\u00e4t auf Basis vonARGAN\u00d6L <span style=\"color: #fb068b;\">Argan\u00f6l, BIO-Honig, BIO-Safran und nat\u00fcrlichem Glycerin <\/span>ohne Paraffine, Parabene, Silikate und Konservierungsstoffe.<br \/>\nDiese Naturseife reinigt und spendet Feuchtigkeit und eignet sich f\u00fcr eine nachhaltige Pflege aller Hauttypen. Dabei profitieren Sie nat\u00fcrlich auch von den potenten antioxidativen Eigenschaftendes Safrans.<\/p>\n","protected":false},"excerpt":{"rendered":"<p>NATURSEIFE 3 : ARGAN\u00d6L &amp; BIO-HONIG &amp; SAFRAN \u2666 BIO-LAVENDEL \u2666 BIO- HONIG \u2666 BIO-SAFRAN \u2666 NAT\u00dcRLICHES GLYCERIN OHNE PARAFFINE OHNE PARABENE OHNE SILIKATE Unsere NATURSEIFE 5 ist ein frisch auf Bestellung handgefertigte Kreation von h\u00f6chster Qualit\u00e4t auf Basis vonARGAN\u00d6L Argan\u00f6l, BIO-Honig, BIO-Safran und nat\u00fcrlichem Glycerin ohne Paraffine, Parabene, Silikate und Konservierungsstoffe. Diese Naturseife reinigt [&hellip;]<\/p>\n","protected":false},"featured_media":10860,"template":"","meta":[],"product_cat":[875],"product_tag":[],"_links":{"self":[{"href":"https:\/\/ecologicalfarming.ma\/index.php?rest_route=\/wp\/v2\/product\/10619"}],"collection":[{"href":"https:\/\/ecologicalfarming.ma\/index.php?rest_route=\/wp\/v2\/product"}],"about":[{"href":"https:\/\/ecologicalfarming.ma\/index.php?rest_route=\/wp\/v2\/types\/product"}],"wp:featuredmedia":[{"embeddable":true,"href":"https:\/\/ecologicalfarming.ma\/index.php?rest_route=\/wp\/v2\/media\/10860"}],"wp:attachment":[{"href":"https:\/\/ecologicalfarming.ma\/index.php?rest_route=%2Fwp%2Fv2%2Fmedia&parent=10619"}],"wp:term":[{"taxonomy":"product_cat","embeddable":true,"href":"https:\/\/ecologicalfarming.ma\/index.php?rest_route=%2Fwp%2Fv2%2Fproduct_cat&post=10619"},{"taxonomy":"product_tag","embeddable":true,"href":"https:\/\/ecologicalfarming.ma\/index.php?rest_route=%2Fwp%2Fv2%2Fproduct_tag&post=10619"}],"curies":[{"name":"wp","href":"https:\/\/api.w.org\/{rel}","templated":true}]}}