{"id":10618,"date":"2021-08-25T18:52:14","date_gmt":"2021-08-25T18:52:14","guid":{"rendered":"https:\/\/ecologicalfarming.ma\/?post_type=product&#038;p=10618"},"modified":"2022-01-06T21:51:46","modified_gmt":"2022-01-06T21:51:46","slug":"naturseife-naturliches-glycerin","status":"publish","type":"product","link":"https:\/\/ecologicalfarming.ma\/?product=naturseife-naturliches-glycerin","title":{"rendered":"<span style=\"color: #470796;\"><p>NATURSEIFE 2<\/p><\/span> <span style=\"color: #ff00a6;\"><p>BIO-NILA<\/span><\/p> <span style=\"color: #944a4f;\">Gewicht : 100Gr<\/span>"},"content":{"rendered":"<p><span style=\"color: #470796;\">NATURSEIFE 5 :<\/span> <span style=\"color: #fb068b;\">NILA<\/span><\/p>\n<p>\u2666 BIO-NILA<br \/>\n\u2666 NAT\u00dcRLICHES GLYCERIN<\/p>\n<ul>\n<li>OHNE PARAFFINE<\/li>\n<li>OHNE PARABENE<\/li>\n<li>OHNE SILIKATE<\/li>\n<\/ul>\n<ul>\n<li style=\"list-style-type: none;\"><\/li>\n<\/ul>\n<p>Unsere <span style=\"color: #470796;\">NATURSEIFE 2 <\/span>ist ein frisch auf Bestellung handgefertigte Kreation von h\u00f6chster Qualit\u00e4t auf Basis von <span style=\"color: #fb068b;\">h\u00f6chster Qualit\u00e4t auf Basis von BIO-Nila und nat\u00fcrlichem Glycerin <\/span>ohne Paraffine, Parabene, Silikate und Konservierungsstoffe. Diese Naturseife reinigt und spendet Feuchtigkeit und eignet sich f\u00fcr eine nachhaltige<br \/>\nFeuchtigkeit und eignet sich f\u00fcr eine nachhaltige Pflege aller Hauttypen. Dabei profitieren Sie nat\u00fcrlich auch von einer porentiefen Reinigung Ihrer Haut, einer bemerkenswerten Wirksamkeit gegen Hautflecken und den hautaufhellenden Eigenschaften der Nila.<\/p>\n","protected":false},"excerpt":{"rendered":"<p>SAVON GLYCERINE AU NILA<\/p>\n","protected":false},"featured_media":11002,"template":"","meta":[],"product_cat":[875],"product_tag":[],"_links":{"self":[{"href":"https:\/\/ecologicalfarming.ma\/index.php?rest_route=\/wp\/v2\/product\/10618"}],"collection":[{"href":"https:\/\/ecologicalfarming.ma\/index.php?rest_route=\/wp\/v2\/product"}],"about":[{"href":"https:\/\/ecologicalfarming.ma\/index.php?rest_route=\/wp\/v2\/types\/product"}],"wp:featuredmedia":[{"embeddable":true,"href":"https:\/\/ecologicalfarming.ma\/index.php?rest_route=\/wp\/v2\/media\/11002"}],"wp:attachment":[{"href":"https:\/\/ecologicalfarming.ma\/index.php?rest_route=%2Fwp%2Fv2%2Fmedia&parent=10618"}],"wp:term":[{"taxonomy":"product_cat","embeddable":true,"href":"https:\/\/ecologicalfarming.ma\/index.php?rest_route=%2Fwp%2Fv2%2Fproduct_cat&post=10618"},{"taxonomy":"product_tag","embeddable":true,"href":"https:\/\/ecologicalfarming.ma\/index.php?rest_route=%2Fwp%2Fv2%2Fproduct_tag&post=10618"}],"curies":[{"name":"wp","href":"https:\/\/api.w.org\/{rel}","templated":true}]}}