{"id":10615,"date":"2021-08-25T18:42:09","date_gmt":"2021-08-25T18:42:09","guid":{"rendered":"https:\/\/ecologicalfarming.ma\/?post_type=product&#038;p=10615"},"modified":"2022-01-07T21:42:26","modified_gmt":"2022-01-07T21:42:26","slug":"naturseife-bio-lavendel","status":"publish","type":"product","link":"https:\/\/ecologicalfarming.ma\/?product=naturseife-bio-lavendel","title":{"rendered":"<span style=\"color: #470796;\"><p>NATURSEIFE 5<\/p><\/span> <span style=\"color: #ff00a6;\"><p>BIO-LAVENDEL<\/span><\/p> <span style=\"color: #944a4f;\">Gewicht : 100Gr<\/span>"},"content":{"rendered":"<p><span style=\"color: #470796;\">NATURSEIFE 5 :<\/span> <span style=\"color: #fb068b;\">LAVENDEL<\/span><\/p>\n<p>\u2666 BIO-LAVENDEL<br \/>\n\u2666 BIO-LAVENDEL\u00d6L<br \/>\n\u2666 BIO-LAVENDELBL\u00dcTEN<br \/>\n\u2666 NAT\u00dcRLICHES GLYCERIN<\/p>\n<ul>\n<li style=\"list-style-type: none;\">\n<ul>\n<li style=\"list-style-type: none;\">\n<ul>\n<li>OHNE PARAFFINE<\/li>\n<li>OHNE PARABENE<\/li>\n<li>OHNE SILIKATE<\/li>\n<\/ul>\n<\/li>\n<\/ul>\n<\/li>\n<\/ul>\n<p>Unsere <span style=\"color: #470796;\">NATURSEIFE 5 <\/span>ist ein frisch auf Bestellung handgefertigte Kreation von h\u00f6chster Qualit\u00e4t auf Basis von <span style=\"color: #fb068b;\">BIO-Lavendel, BIO-Lavendel\u00f6l, BIO-Lavendelbl\u00fcten und nat\u00fcrlichem Glycerin <\/span>ohne Paraffine, Parabene, Silikate und<br \/>\nDiese Naturseife reinigt und spendet Feuchtigkeit und eignet Konservierungsstoffe.<br \/>\nsich f\u00fcr eine nachhaltige Pflege aller Hauttypen. Dabei profitieren Sie nat\u00fcrlich auch von einer Verbesserung der Geschmeidigkeit und Elastizit\u00e4t Ihrer Haut und der Reinigung trockener und zu Akne neigender Haut sowie den antiseptischen Eigenschaften des Lavendels.<\/p>\n","protected":false},"excerpt":{"rendered":"<p>SAVON GLYCERINE\u00a0 AU FLEUR ET HUILE DE LAVANDE<\/p>\n","protected":false},"featured_media":11022,"template":"","meta":[],"product_cat":[744,875],"product_tag":[],"_links":{"self":[{"href":"https:\/\/ecologicalfarming.ma\/index.php?rest_route=\/wp\/v2\/product\/10615"}],"collection":[{"href":"https:\/\/ecologicalfarming.ma\/index.php?rest_route=\/wp\/v2\/product"}],"about":[{"href":"https:\/\/ecologicalfarming.ma\/index.php?rest_route=\/wp\/v2\/types\/product"}],"wp:featuredmedia":[{"embeddable":true,"href":"https:\/\/ecologicalfarming.ma\/index.php?rest_route=\/wp\/v2\/media\/11022"}],"wp:attachment":[{"href":"https:\/\/ecologicalfarming.ma\/index.php?rest_route=%2Fwp%2Fv2%2Fmedia&parent=10615"}],"wp:term":[{"taxonomy":"product_cat","embeddable":true,"href":"https:\/\/ecologicalfarming.ma\/index.php?rest_route=%2Fwp%2Fv2%2Fproduct_cat&post=10615"},{"taxonomy":"product_tag","embeddable":true,"href":"https:\/\/ecologicalfarming.ma\/index.php?rest_route=%2Fwp%2Fv2%2Fproduct_tag&post=10615"}],"curies":[{"name":"wp","href":"https:\/\/api.w.org\/{rel}","templated":true}]}}