{"id":10612,"date":"2021-08-25T18:40:30","date_gmt":"2021-08-25T18:40:30","guid":{"rendered":"https:\/\/ecologicalfarming.ma\/?post_type=product&#038;p=10612"},"modified":"2022-06-02T22:56:04","modified_gmt":"2022-06-02T22:56:04","slug":"100gr-naturseife-bio-honig-arganol","status":"publish","type":"product","link":"https:\/\/ecologicalfarming.ma\/?product=100gr-naturseife-bio-honig-arganol","title":{"rendered":"<span style=\"color: #470796;\">NATURSEIFE 1<\/span> <span style=\"color: #ff00a6;\"><p> <p>BIO-HONIG &#038; ARGAN\u00d6L<\/p><\/span><\/p> <span style=\"color: #944a4f;\">Poids : 100Gr<\/span> (Copie)"},"content":{"rendered":"<p><span style=\"color: #470796;\">NATURSEIFE 5 :<\/span> <span style=\"color: #fb068b;\">BIO-HONIG &amp; ARGAN\u00d6L BIO<\/span><\/p>\n<p>\u2666 BIO-HONIG<br \/>\n\u2666 BIO-ARGAN<br \/>\n\u2666 NAT\u00dcRLICHES GLYCERIN<\/p>\n<ul>\n<li style=\"list-style-type: none;\">\n<ul>\n<li style=\"list-style-type: none;\">\n<ul>\n<li>OHNE PARAFFINE<\/li>\n<li>OHNE PARABENE<\/li>\n<li>OHNE SILIKATE<\/li>\n<\/ul>\n<\/li>\n<\/ul>\n<\/li>\n<\/ul>\n<p>Unsere <span style=\"color: #470796;\">NATURSEIFE 1 <\/span>ist ein frisch auf Bestellung handgefertigte Kreation von h\u00f6chster Qualit\u00e4t auf Basis von <span style=\"color: #fb068b;\">BIO-Honig, BIO-Argan\u00f6l und nat\u00fcrlichem Glycerin <\/span>ohne Paraffine, Parabene, Silikate und Konservierungsstoffe.<br \/>\nDiese Naturseife reinigt und spendet Feuchtigkeit und eignet sich f\u00fcr eine nachhaltige Pflege aller Hauttypen.<br \/>\nDabei profitieren Sie nat\u00fcrlich auch von einer Verbesserung der Geschmeidigkeit und Elastizit\u00e4t Ihrer Haut sowie von, den antioxidativen und entz\u00fcndungshemmenden Eigenschaften des Argan\u00f6ls..<\/p>\n","protected":false},"excerpt":{"rendered":"<p>SAVON GLYCERINE AU MIEL ET L&#8217;HUILE D&#8217;ARGAN<\/p>\n<ul>\n<li>100% Naturel<\/li>\n<li>Sans additifs<\/li>\n<li>Sans conservateurs<\/li>\n<\/ul>\n<p>Savon Hydratant, purifiant, antibact\u00e9rien, d\u00e9sinfectant et r\u00e9put\u00e9 pour apaiser .<\/p>\n<p>Ce savon nettoyant assure des soins encore plus doux pour la peau.<\/p>\n<p>&nbsp;<\/p>\n","protected":false},"featured_media":11451,"template":"","meta":[],"product_cat":[349,875,612],"product_tag":[],"_links":{"self":[{"href":"https:\/\/ecologicalfarming.ma\/index.php?rest_route=\/wp\/v2\/product\/10612"}],"collection":[{"href":"https:\/\/ecologicalfarming.ma\/index.php?rest_route=\/wp\/v2\/product"}],"about":[{"href":"https:\/\/ecologicalfarming.ma\/index.php?rest_route=\/wp\/v2\/types\/product"}],"wp:featuredmedia":[{"embeddable":true,"href":"https:\/\/ecologicalfarming.ma\/index.php?rest_route=\/wp\/v2\/media\/11451"}],"wp:attachment":[{"href":"https:\/\/ecologicalfarming.ma\/index.php?rest_route=%2Fwp%2Fv2%2Fmedia&parent=10612"}],"wp:term":[{"taxonomy":"product_cat","embeddable":true,"href":"https:\/\/ecologicalfarming.ma\/index.php?rest_route=%2Fwp%2Fv2%2Fproduct_cat&post=10612"},{"taxonomy":"product_tag","embeddable":true,"href":"https:\/\/ecologicalfarming.ma\/index.php?rest_route=%2Fwp%2Fv2%2Fproduct_tag&post=10612"}],"curies":[{"name":"wp","href":"https:\/\/api.w.org\/{rel}","templated":true}]}}