{"id":10601,"date":"2021-08-24T23:37:42","date_gmt":"2021-08-24T23:37:42","guid":{"rendered":"https:\/\/ecologicalfarming.ma\/?post_type=product&#038;p=10601"},"modified":"2022-06-02T22:47:36","modified_gmt":"2022-06-02T22:47:36","slug":"100gr-natural-soap-organic-honey-safran","status":"publish","type":"product","link":"https:\/\/ecologicalfarming.ma\/?product=100gr-natural-soap-organic-honey-safran","title":{"rendered":"<span style=\"color: #470796;\">NATURAL SOAP 1<\/span> <span style=\"color: #ff00a6;\"><p> <p>ORGANIC HONEY\u00a0&#038; ARGAN OIL<\/p><\/span><\/p> <span style=\"color: #944a4f;\">Weight : 100Gr<\/span>"},"content":{"rendered":"<p><span style=\"color: #470796;\">NATURAL SOAP 1 :<\/span> <span style=\"color: #fb068b;\">ORGANIC HONEY &amp; ARGAN OIL<\/span><\/p>\n<p>\u2666 ORGANIC HONEY<br \/>\n\u2666 ARGAN OIL<br \/>\n\u2666 NATURAL GLYCERINE<\/p>\n<ul>\n<li style=\"list-style-type: none;\">\n<ul>\n<li style=\"list-style-type: none;\">\n<ul>\n<li>WITHOUT PARAFFINS<\/li>\n<li>WITHOUT PARABENS<\/li>\n<li>WITHOUT SILICATES<\/li>\n<\/ul>\n<\/li>\n<\/ul>\n<\/li>\n<\/ul>\n<p>Our <span style=\"color: #470796;\">NATURAL SOAP1 <\/span>is a high quality handmade soap we freshly produce upon request based on <span style=\"color: #fb068b;\">own organic honey, argan oil and natural glycerine <\/span>without paraffins, parabens, silicates and preservatives.<br \/>\nThis 100% natural soap gently cleans your skin and is suitable for a sustainable care of all skin types.<br \/>\nYou will also benefit from the powerful oxidative properties of Saffron.<\/p>\n<p>&nbsp;<\/p>\n","protected":false},"excerpt":{"rendered":"<p>SAVON GLYCERINE AU MIEL ET L&#8217;HUILE D&#8217;ARGAN<\/p>\n<ul>\n<li>100% Naturel<\/li>\n<li>Sans additifs<\/li>\n<li>Sans conservateurs<\/li>\n<\/ul>\n<p>Savon Hydratant, purifiant, antibact\u00e9rien, d\u00e9sinfectant et r\u00e9put\u00e9 pour apaiser .<\/p>\n<p>Ce savon nettoyant assure des soins encore plus doux pour la peau.<\/p>\n<p>&nbsp;<\/p>\n","protected":false},"featured_media":11450,"template":"","meta":[],"product_cat":[694,840],"product_tag":[],"_links":{"self":[{"href":"https:\/\/ecologicalfarming.ma\/index.php?rest_route=\/wp\/v2\/product\/10601"}],"collection":[{"href":"https:\/\/ecologicalfarming.ma\/index.php?rest_route=\/wp\/v2\/product"}],"about":[{"href":"https:\/\/ecologicalfarming.ma\/index.php?rest_route=\/wp\/v2\/types\/product"}],"wp:featuredmedia":[{"embeddable":true,"href":"https:\/\/ecologicalfarming.ma\/index.php?rest_route=\/wp\/v2\/media\/11450"}],"wp:attachment":[{"href":"https:\/\/ecologicalfarming.ma\/index.php?rest_route=%2Fwp%2Fv2%2Fmedia&parent=10601"}],"wp:term":[{"taxonomy":"product_cat","embeddable":true,"href":"https:\/\/ecologicalfarming.ma\/index.php?rest_route=%2Fwp%2Fv2%2Fproduct_cat&post=10601"},{"taxonomy":"product_tag","embeddable":true,"href":"https:\/\/ecologicalfarming.ma\/index.php?rest_route=%2Fwp%2Fv2%2Fproduct_tag&post=10601"}],"curies":[{"name":"wp","href":"https:\/\/api.w.org\/{rel}","templated":true}]}}