{"id":10551,"date":"2021-08-21T14:32:48","date_gmt":"2021-08-21T14:32:48","guid":{"rendered":"https:\/\/ecologicalfarming.ma\/?post_type=product&#038;p=10551"},"modified":"2021-09-03T14:25:20","modified_gmt":"2021-09-03T14:25:20","slug":"masken-4-natuerliche-ghassoul-erde-gewicht-100gr-copie","status":"publish","type":"product","link":"https:\/\/ecologicalfarming.ma\/?product=masken-4-natuerliche-ghassoul-erde-gewicht-100gr-copie","title":{"rendered":"<span style=\"color: #470796;\"><p>MASKE 9<\/p><\/span> <span style=\"color: #ff00a6;\"><p>NAT\u00dcRLICHE GHASSOUL-ERDE<\/p><\/span> <span style=\"color: #944a4f;\">Gewicht : 100Gr<\/span>"},"content":{"rendered":"<p><span style=\"color: #470796;\">MASKEN 9 : <\/span><span style=\"color: #fb068b;\">NAT\u00dcRLICHE GHASSOUL-ERDE<\/span><\/p>\n<p>\u2666 100 % NAT\u00dcRLICHE GHASSOUL-ERDE<br \/>\n\u2666 VERMAHLEN<\/p>\n<ul>\n<li style=\"text-align: left;\">OHNE FARBSTOFFE<\/li>\n<li style=\"text-align: left;\">OHNE ZUSATZSTOFFE<\/li>\n<li style=\"text-align: left;\">OHNE KONSERVIERUNGSSTOFFE<\/li>\n<\/ul>\n<p>Unser <span style=\"color: #470796;\">MASKEN 9 <\/span>ist eine frisch auf Bestellung handgefertigte Kreation auf Basis von <span style=\"color: #fb068b;\">100 % nat\u00fcrlicher Ghassoul-Erde <span style=\"color: #333333;\">ohne Zusatz von synthetischen Substanzen, Farbstoffen, Zusatzstoffen und Konservierungsstoffen. Vermengen Sie Ghassoul und lauwarmes Wasser im Verh\u00e4ltnis 1 zu 1.<br \/>\nWir empfehlen 10 Gramm Ghassoul f\u00fcr eine Gesichtsanwendung und 50 Gramm f\u00fcr eine K\u00f6rperanwendung. Bitte r\u00fchren Sie die Mischung um und lassen Sie diese 10 bis 15 Minuten quellen. Anschlie\u00dfend tragen Sie sie mit der flachen Hand und kreisrunden<br \/>\nBewegungen auf und lassen Sie sie ca. 10 Minuten einwirken. Zum Schluss waschen Sie sich gr\u00fcndlich mit lauwarmem Wasser ab.<\/span><\/span><\/p>\n","protected":false},"excerpt":{"rendered":"<p>&nbsp;<\/p>\n<p>&nbsp;<\/p>\n","protected":false},"featured_media":7015,"template":"","meta":[],"product_cat":[859,612],"product_tag":[],"_links":{"self":[{"href":"https:\/\/ecologicalfarming.ma\/index.php?rest_route=\/wp\/v2\/product\/10551"}],"collection":[{"href":"https:\/\/ecologicalfarming.ma\/index.php?rest_route=\/wp\/v2\/product"}],"about":[{"href":"https:\/\/ecologicalfarming.ma\/index.php?rest_route=\/wp\/v2\/types\/product"}],"wp:featuredmedia":[{"embeddable":true,"href":"https:\/\/ecologicalfarming.ma\/index.php?rest_route=\/wp\/v2\/media\/7015"}],"wp:attachment":[{"href":"https:\/\/ecologicalfarming.ma\/index.php?rest_route=%2Fwp%2Fv2%2Fmedia&parent=10551"}],"wp:term":[{"taxonomy":"product_cat","embeddable":true,"href":"https:\/\/ecologicalfarming.ma\/index.php?rest_route=%2Fwp%2Fv2%2Fproduct_cat&post=10551"},{"taxonomy":"product_tag","embeddable":true,"href":"https:\/\/ecologicalfarming.ma\/index.php?rest_route=%2Fwp%2Fv2%2Fproduct_tag&post=10551"}],"curies":[{"name":"wp","href":"https:\/\/api.w.org\/{rel}","templated":true}]}}