{"id":10543,"date":"2021-08-20T23:48:19","date_gmt":"2021-08-20T23:48:19","guid":{"rendered":"https:\/\/ecologicalfarming.ma\/?post_type=product&#038;p=10543"},"modified":"2021-09-03T14:29:38","modified_gmt":"2021-09-03T14:29:38","slug":"masken-zerealien-gesichtsmaske","status":"publish","type":"product","link":"https:\/\/ecologicalfarming.ma\/?product=masken-zerealien-gesichtsmaske","title":{"rendered":"<span style=\"color: #470796;\"><p>MASKE 6<\/p><\/span> <span style=\"color: #ff00a6;\"><p>ZEREALIEN-GESICHTSMASKE<\/p><\/span> <span style=\"color: #944a4f;\">Gewicht: 100Gr<\/span>"},"content":{"rendered":"<p><span style=\"color: #470796;\">MASKEN 3 : <\/span><span style=\"color: #fb068b;\">ZEREALIEN-GESICHTSMASKE<\/span><\/p>\n<p>\u2666 100 % ZEREALIEN-GESICHTSMASKE<br \/>\n\u2666 7 GETREIDESORTEN<br \/>\n\u2666 ZEREALIEN-GESICHTSMASKE<\/p>\n<ul>\n<li style=\"text-align: left;\">OHNE FARBSTOFFE<\/li>\n<li style=\"text-align: left;\">OHNE ZUSATZSTOFFE<\/li>\n<li style=\"text-align: left;\">OHNE KONSERVIERUNGSSTOFFE<\/li>\n<\/ul>\n<p>Unser <span style=\"color: #470796;\">ZEREALIEN-GESICHTSMASKE<\/span> ist eine frisch auf Bestellung handgefertigte Kreation auf Basis von<span style=\"color: #fb068b;\"> ZEREALIEN <\/span>in BIO-Qualit\u00e4t ohne Zusatz von synthetischen Substanzen, Farbstoffen, Zusatzstoffen und Konservierungsstoffen.<br \/>\nDieses Produkt 100% biologischen Ursprungs erm\u00f6glicht Ihnen eine gesunde und nachhaltige Hautpflege. Vermengen Sie dieses Produkt idealerweise mit Rosenwasser im Verh\u00e4ltnis 1 zu 1, r\u00fchren Sie die Mischung um und<br \/>\nlassen Sie sie 10 Minuten quellen.<br \/>\nW\u00e4hrenddessen waschen (am besten mit Naturseife) und trocknen Sie Ihr Gesicht. Anschlie\u00dfend tragen Sie die Maske mit der flachen Hand und kreisrunden Bewegungen auf und sparen Sie bitte dabei die Augenpartien aus. Waschen Sie sich nach ca. 10 bis 15 Minuten Einwirkzeit gr\u00fcndlich mit lauwarmem Wasser ab und tragen Sie zum Schluss eine Feuchtigkeitscreme auf.<\/p>\n","protected":false},"excerpt":{"rendered":"<p>MASKEN 3 : ZEREALIEN-GESICHTSMASKE \u2666 100 % ZEREALIEN-GESICHTSMASKE \u2666 7 GETREIDESORTEN \u2666 ZEREALIEN-GESICHTSMASKE OHNE FARBSTOFFE OHNE ZUSATZSTOFFE OHNE KONSERVIERUNGSSTOFFE Unser ZEREALIEN-GESICHTSMASKE ist eine frisch auf Bestellung handgefertigte Kreation auf Basis von ZEREALIEN in BIO-Qualit\u00e4t ohne Zusatz von synthetischen Substanzen, Farbstoffen, Zusatzstoffen und Konservierungsstoffen. Dieses Produkt 100% biologischen Ursprungs erm\u00f6glicht Ihnen eine gesunde und nachhaltige Hautpflege. [&hellip;]<\/p>\n","protected":false},"featured_media":10360,"template":"","meta":[],"product_cat":[859],"product_tag":[],"_links":{"self":[{"href":"https:\/\/ecologicalfarming.ma\/index.php?rest_route=\/wp\/v2\/product\/10543"}],"collection":[{"href":"https:\/\/ecologicalfarming.ma\/index.php?rest_route=\/wp\/v2\/product"}],"about":[{"href":"https:\/\/ecologicalfarming.ma\/index.php?rest_route=\/wp\/v2\/types\/product"}],"wp:featuredmedia":[{"embeddable":true,"href":"https:\/\/ecologicalfarming.ma\/index.php?rest_route=\/wp\/v2\/media\/10360"}],"wp:attachment":[{"href":"https:\/\/ecologicalfarming.ma\/index.php?rest_route=%2Fwp%2Fv2%2Fmedia&parent=10543"}],"wp:term":[{"taxonomy":"product_cat","embeddable":true,"href":"https:\/\/ecologicalfarming.ma\/index.php?rest_route=%2Fwp%2Fv2%2Fproduct_cat&post=10543"},{"taxonomy":"product_tag","embeddable":true,"href":"https:\/\/ecologicalfarming.ma\/index.php?rest_route=%2Fwp%2Fv2%2Fproduct_tag&post=10543"}],"curies":[{"name":"wp","href":"https:\/\/api.w.org\/{rel}","templated":true}]}}