{"id":10493,"date":"2021-08-15T23:29:13","date_gmt":"2021-08-15T23:29:13","guid":{"rendered":"https:\/\/ecologicalfarming.ma\/?post_type=product&#038;p=10493"},"modified":"2021-08-23T22:32:11","modified_gmt":"2021-08-23T22:32:11","slug":"60ml-bio-arganoel","status":"publish","type":"product","link":"https:\/\/ecologicalfarming.ma\/?product=60ml-bio-arganoel","title":{"rendered":"<br><span style=\"color: #4e07a6;\"><p>KOSMETISCHES \u00d6L 1<\/span><\/p><span style=\"color: #ff00a6;\"><p>BIO-ARGAN\u00d6L<\/span><\/p> <span style=\"color: #944a4f;\">Volumen : 60ml<\/span>"},"content":{"rendered":"<p><span style=\"color: #470796;\">KOSMETISCHES \u00d6L 1 : <\/span><span style=\"color: #fb068b;\">BIO-ARGAN\u00d6L<\/span><\/p>\n<p>\u2666 100% BIO-ARGAN\u00d6L<br \/>\n\u2666 GESICHT &#8211; K\u00d6RPER &#8211; HAARE<br \/>\n\u2666 OHNE ZUSATZSTOFFE<br \/>\n\u2666 OHNE KONSERVIERUNGSSTOFFE<\/p>\n<p>Unser <span style=\"color: #470796;\">BIO-ARGAN\u00d6L (100% reines Argan\u00f6l, nicht raffiniert und nicht desodoriert) <\/span>ist ein frisch auf Bestellung handgefertigtes kosmetisches \u00d6l von h\u00f6chster Qualit\u00e4t auf Basis von <span style=\"color: #fb068b;\">Argann\u00fcssen biologischen Ursprungs.<\/span><br \/>\nDieses naturbelassene Produkt versorgt Ihr Gesicht, Ihren K\u00f6rper und Ihre Haare mit wichtigen N\u00e4hrstoffen und eignet sich f\u00fcr eine gesunde und nachhaltige Pflege in jeder Jahreszeit.<\/p>\n","protected":false},"excerpt":{"rendered":"<p>KOSMETISCHES \u00d6L 1 : BIO-ARGAN\u00d6L \u2666 100% BIO-ARGAN\u00d6L \u2666 GESICHT &#8211; K\u00d6RPER &#8211; HAARE \u2666 OHNE ZUSATZSTOFFE \u2666 OHNE KONSERVIERUNGSSTOFFE Unser BIO-ARGAN\u00d6L (100% reines Argan\u00f6l, nicht raffiniert und nicht desodoriert) ist ein frisch auf Bestellung handgefertigtes kosmetisches \u00d6l von h\u00f6chster Qualit\u00e4t auf Basis von Argann\u00fcssen biologischen Ursprungs. Dieses naturbelassene Produkt versorgt Ihr Gesicht, Ihren K\u00f6rper [&hellip;]<\/p>\n","protected":false},"featured_media":0,"template":"","meta":[],"product_cat":[865,853,852,851],"product_tag":[],"_links":{"self":[{"href":"https:\/\/ecologicalfarming.ma\/index.php?rest_route=\/wp\/v2\/product\/10493"}],"collection":[{"href":"https:\/\/ecologicalfarming.ma\/index.php?rest_route=\/wp\/v2\/product"}],"about":[{"href":"https:\/\/ecologicalfarming.ma\/index.php?rest_route=\/wp\/v2\/types\/product"}],"wp:attachment":[{"href":"https:\/\/ecologicalfarming.ma\/index.php?rest_route=%2Fwp%2Fv2%2Fmedia&parent=10493"}],"wp:term":[{"taxonomy":"product_cat","embeddable":true,"href":"https:\/\/ecologicalfarming.ma\/index.php?rest_route=%2Fwp%2Fv2%2Fproduct_cat&post=10493"},{"taxonomy":"product_tag","embeddable":true,"href":"https:\/\/ecologicalfarming.ma\/index.php?rest_route=%2Fwp%2Fv2%2Fproduct_tag&post=10493"}],"curies":[{"name":"wp","href":"https:\/\/api.w.org\/{rel}","templated":true}]}}