{"id":10491,"date":"2021-08-15T22:25:56","date_gmt":"2021-08-15T22:25:56","guid":{"rendered":"https:\/\/ecologicalfarming.ma\/?post_type=product&#038;p=10491"},"modified":"2021-08-23T22:33:21","modified_gmt":"2021-08-23T22:33:21","slug":"60mlbio-mandeloel","status":"publish","type":"product","link":"https:\/\/ecologicalfarming.ma\/?product=60mlbio-mandeloel","title":{"rendered":"<br><span style=\"color: #4e07a6;\"><p>KOSMETISCHES \u00d6L 2<\/span><\/p><span style=\"color: #ff00a6;\"><p>BIO-MANDEL\u00d6L<\/span><\/p> <span style=\"color: #944a4f;\">Volumen : 60ml<\/span>"},"content":{"rendered":"<p><span style=\"color: #470796;\">KOSMETISCHES \u00d6L 2 : <\/span><span style=\"color: #fb068b;\">BIO-MANDEL\u00d6L<\/span><\/p>\n<p>\u2666 100% BIO-MANDEL\u00d6L<br \/>\n\u2666 K\u00d6RPER &#8211; HAAR &#8211; GESICHT<br \/>\n\u2666 OHNE ZUSATZSTOFFE<br \/>\n\u2666 OHNE KONSERVIERUNGSSTOFFE<\/p>\n<p>Unser <span style=\"color: #470796;\">BIO-MANDEL\u00d6L <\/span>ist ein frisch auf Bestellung handgefertigtes kosmetisches \u00d6l von h\u00f6chster Qualit\u00e4t auf Basis von <span style=\"color: #fb068b;\">Mandeln biologischen Ursprungs.<\/span><br \/>\nDieses naturbelassene Produkt pflegt und sch\u00fctzt Ihre Haut in jeder Jahreszeit gegen Feuchtigkeitsmangel, Hautalterung und Dermatosen und f\u00f6rdert deren Regeneration und nat\u00fcrliche Heilung.<\/p>\n<p>&nbsp;<\/p>\n","protected":false},"excerpt":{"rendered":"<p>KOSMETISCHES \u00d6L 2 : BIO-MANDEL\u00d6L \u2666 100% BIO-MANDEL\u00d6L \u2666 K\u00d6RPER &#8211; HAAR &#8211; GESICHT \u2666 OHNE ZUSATZSTOFFE \u2666 OHNE KONSERVIERUNGSSTOFFE Unser BIO-MANDEL\u00d6L ist ein frisch auf Bestellung handgefertigtes kosmetisches \u00d6l von h\u00f6chster Qualit\u00e4t auf Basis von Mandeln biologischen Ursprungs. Dieses naturbelassene Produkt pflegt und sch\u00fctzt Ihre Haut in jeder Jahreszeit gegen Feuchtigkeitsmangel, Hautalterung und Dermatosen [&hellip;]<\/p>\n","protected":false},"featured_media":7319,"template":"","meta":[],"product_cat":[865,853,851,612],"product_tag":[],"_links":{"self":[{"href":"https:\/\/ecologicalfarming.ma\/index.php?rest_route=\/wp\/v2\/product\/10491"}],"collection":[{"href":"https:\/\/ecologicalfarming.ma\/index.php?rest_route=\/wp\/v2\/product"}],"about":[{"href":"https:\/\/ecologicalfarming.ma\/index.php?rest_route=\/wp\/v2\/types\/product"}],"wp:featuredmedia":[{"embeddable":true,"href":"https:\/\/ecologicalfarming.ma\/index.php?rest_route=\/wp\/v2\/media\/7319"}],"wp:attachment":[{"href":"https:\/\/ecologicalfarming.ma\/index.php?rest_route=%2Fwp%2Fv2%2Fmedia&parent=10491"}],"wp:term":[{"taxonomy":"product_cat","embeddable":true,"href":"https:\/\/ecologicalfarming.ma\/index.php?rest_route=%2Fwp%2Fv2%2Fproduct_cat&post=10491"},{"taxonomy":"product_tag","embeddable":true,"href":"https:\/\/ecologicalfarming.ma\/index.php?rest_route=%2Fwp%2Fv2%2Fproduct_tag&post=10491"}],"curies":[{"name":"wp","href":"https:\/\/api.w.org\/{rel}","templated":true}]}}