{"id":10450,"date":"2021-08-15T00:00:18","date_gmt":"2021-08-15T00:00:18","guid":{"rendered":"https:\/\/ecologicalfarming.ma\/?post_type=product&#038;p=10450"},"modified":"2021-08-16T19:13:41","modified_gmt":"2021-08-16T19:13:41","slug":"60ml-bio-sesamoel","status":"publish","type":"product","link":"https:\/\/ecologicalfarming.ma\/?product=60ml-bio-sesamoel","title":{"rendered":"<br><span style=\"color: #4e07a6;\"><p>KOSMETISCHES \u00d6L 6<\/span><\/p><span style=\"color: #ff00a6;\"><p>BIO-SESAM\u00d6L<\/span><\/p> <span style=\"color: #944a4f;\">Volumen : 60ml<\/span>"},"content":{"rendered":"<p><span style=\"color: #470796;\">KOSMETISCHES \u00d6L 6 : <\/span><span style=\"color: #fb068b;\">BIO-SESAM\u00d6L<\/span><\/p>\n<p>\u2666 100% BIO-SESAM\u00d6L<br \/>\n\u2666 GESICHT-K\u00d6RPER-HAARE<br \/>\n\u2666 OHNE ZUSATZSTOFFE<br \/>\n\u2666 OHNE KONSERVIERUNGSSTOFFE<\/p>\n<p>Unser <span style=\"color: #470796;\">\u00a0BIO-SESAM\u00d6L <\/span>ist ein frisch auf Bestellung handgefertigtes kosmetisches \u00d6l von h\u00f6chster Qualit\u00e4t auf Basis vom <span style=\"color: #fb068b;\">Sesam biologischen Ursprungs.<\/span><br \/>\nDieses naturbelassene Produkt reinigt, pflegt und sch\u00fctzt Ihre Haare und Ihre Haut in jeder Jahreszeit und f\u00f6rdert deren Regeneration und nat\u00fcrliche Heilung.<\/p>\n","protected":false},"excerpt":{"rendered":"<p>KOSMETISCHES \u00d6L 6 : BIO-SESAM\u00d6L \u2666 100% BIO-SESAM\u00d6L \u2666 GESICHT-K\u00d6RPER-HAARE \u2666 OHNE ZUSATZSTOFFE \u2666 OHNE KONSERVIERUNGSSTOFFE Unser \u00a0BIO-SESAM\u00d6L ist ein frisch auf Bestellung handgefertigtes kosmetisches \u00d6l von h\u00f6chster Qualit\u00e4t auf Basis vom Sesam biologischen Ursprungs. Dieses naturbelassene Produkt reinigt, pflegt und sch\u00fctzt Ihre Haare und Ihre Haut in jeder Jahreszeit und f\u00f6rdert deren Regeneration und [&hellip;]<\/p>\n","protected":false},"featured_media":0,"template":"","meta":[],"product_cat":[865,853,851,612],"product_tag":[],"_links":{"self":[{"href":"https:\/\/ecologicalfarming.ma\/index.php?rest_route=\/wp\/v2\/product\/10450"}],"collection":[{"href":"https:\/\/ecologicalfarming.ma\/index.php?rest_route=\/wp\/v2\/product"}],"about":[{"href":"https:\/\/ecologicalfarming.ma\/index.php?rest_route=\/wp\/v2\/types\/product"}],"wp:attachment":[{"href":"https:\/\/ecologicalfarming.ma\/index.php?rest_route=%2Fwp%2Fv2%2Fmedia&parent=10450"}],"wp:term":[{"taxonomy":"product_cat","embeddable":true,"href":"https:\/\/ecologicalfarming.ma\/index.php?rest_route=%2Fwp%2Fv2%2Fproduct_cat&post=10450"},{"taxonomy":"product_tag","embeddable":true,"href":"https:\/\/ecologicalfarming.ma\/index.php?rest_route=%2Fwp%2Fv2%2Fproduct_tag&post=10450"}],"curies":[{"name":"wp","href":"https:\/\/api.w.org\/{rel}","templated":true}]}}