{"id":10449,"date":"2021-08-14T23:59:42","date_gmt":"2021-08-14T23:59:42","guid":{"rendered":"https:\/\/ecologicalfarming.ma\/?post_type=product&#038;p=10449"},"modified":"2021-08-16T18:13:30","modified_gmt":"2021-08-16T18:13:30","slug":"60ml-kosmetishes-ol","status":"publish","type":"product","link":"https:\/\/ecologicalfarming.ma\/?product=60ml-kosmetishes-ol","title":{"rendered":"<br><span style=\"color: #4e07a6;\"><p>KOSMETISCHES \u00d6L 5<\/span><\/p><span style=\"color: #ff00a6;\"><p>BIO-RIZINUS\u00d6L<\/span><\/p> <span style=\"color: #944a4f;\">Volumen : 60ml<\/span>"},"content":{"rendered":"<p><span style=\"color: #470796;\">KOSMETISCHES \u00d6L 5 : <\/span><span style=\"color: #fb068b;\">BIO-RIZINUS\u00d6L<\/span><\/p>\n<p>\u2666 100% BIO-RIZINUS\u00d6L<br \/>\n\u2666 HAAR<br \/>\n\u2666 OHNE ZUSATZSTOFFE<br \/>\n\u2666 OHNE KONSERVIERUNGSSTOFFE<\/p>\n<p>Unser <span style=\"color: #470796;\">BIO-RIZINUS\u00d6L <\/span>ist ein frisch auf Bestellung handgefertigtes kosmetisches \u00d6l von h\u00f6chster Qualit\u00e4t auf Basis vom <span style=\"color: #fb068b;\">Rizinus biologischen Ursprungs <span style=\"color: #333333;\">de tr\u00e8s bonne qualit\u00e9.\u00a0\u00a0<\/span><\/span><br \/>\nDieses naturbelassene Produkt eignet sich f\u00fcr eine nachhaltige Pflege Ihrer Hautanhangsgebilde (Haare, N\u00e4gel und Wimpern) und f\u00f6rdert die Regeneration und die nat\u00fcrliche Heilung Ihrer Haare.<\/p>\n","protected":false},"excerpt":{"rendered":"<p>KOSMETISCHES \u00d6L 5 : BIO-RIZINUS\u00d6L \u2666 100% BIO-RIZINUS\u00d6L \u2666 HAAR \u2666 OHNE ZUSATZSTOFFE \u2666 OHNE KONSERVIERUNGSSTOFFE Unser BIO-RIZINUS\u00d6L ist ein frisch auf Bestellung handgefertigtes kosmetisches \u00d6l von h\u00f6chster Qualit\u00e4t auf Basis vom Rizinus biologischen Ursprungs de tr\u00e8s bonne qualit\u00e9.\u00a0\u00a0 Dieses naturbelassene Produkt eignet sich f\u00fcr eine nachhaltige Pflege Ihrer Hautanhangsgebilde (Haare, N\u00e4gel und Wimpern) und [&hellip;]<\/p>\n","protected":false},"featured_media":7304,"template":"","meta":[],"product_cat":[853,851],"product_tag":[],"_links":{"self":[{"href":"https:\/\/ecologicalfarming.ma\/index.php?rest_route=\/wp\/v2\/product\/10449"}],"collection":[{"href":"https:\/\/ecologicalfarming.ma\/index.php?rest_route=\/wp\/v2\/product"}],"about":[{"href":"https:\/\/ecologicalfarming.ma\/index.php?rest_route=\/wp\/v2\/types\/product"}],"wp:featuredmedia":[{"embeddable":true,"href":"https:\/\/ecologicalfarming.ma\/index.php?rest_route=\/wp\/v2\/media\/7304"}],"wp:attachment":[{"href":"https:\/\/ecologicalfarming.ma\/index.php?rest_route=%2Fwp%2Fv2%2Fmedia&parent=10449"}],"wp:term":[{"taxonomy":"product_cat","embeddable":true,"href":"https:\/\/ecologicalfarming.ma\/index.php?rest_route=%2Fwp%2Fv2%2Fproduct_cat&post=10449"},{"taxonomy":"product_tag","embeddable":true,"href":"https:\/\/ecologicalfarming.ma\/index.php?rest_route=%2Fwp%2Fv2%2Fproduct_tag&post=10449"}],"curies":[{"name":"wp","href":"https:\/\/api.w.org\/{rel}","templated":true}]}}