{"id":10423,"date":"2021-08-14T12:11:04","date_gmt":"2021-08-14T12:11:04","guid":{"rendered":"https:\/\/ecologicalfarming.ma\/?post_type=product&#038;p=10423"},"modified":"2021-08-23T22:36:51","modified_gmt":"2021-08-23T22:36:51","slug":"60ml-bio-oele-serum-2","status":"publish","type":"product","link":"https:\/\/ecologicalfarming.ma\/?product=60ml-bio-oele-serum-2","title":{"rendered":"<br><span style=\"color: #4e07a6;\"><p>KOSMETISCHES \u00d6L 8<\/span><\/p><span style=\"color: #ff00a6;\"><p>BIO-\u00d6LE-SERUM<\/span><\/p> <span style=\"color: #944a4f;\">Volumen : 60ml<\/span>"},"content":{"rendered":"<p><span style=\"color: #470796;\">KOSMETISCHES \u00d6L 8: <\/span><span style=\"color: #fb068b;\">BIO-\u00d6LE-SERUM<\/span><\/p>\n<p>\u2666 100% BIO-\u00d6LE-SERUM<br \/>\n\u2666 GESICHT &#8211; K\u00d6RPER<br \/>\n\u2666 OHNE ZUSATZSTOFFE<br \/>\n\u2666 OHNE KONSERVIERUNGSSTOFFE<\/p>\n<p>Unser <span style=\"color: #470796;\">BIO-\u00d6LE-SERUM (GESICHT-K\u00d6RPER) <\/span>ist ein frisch auf Bestellung handgefertigtes kosmetisches \u00d6l von h\u00f6chster Qualit\u00e4t auf Basis von <span style=\"color: #fb068b;\">kosmetischen \u00d6len biologischen Ursprungs.<\/span><br \/>\nDieses naturbelassene \u00d6le-Serum ist ein wahres Sch\u00f6nheitselixier an kostbaren \u00d6len, die Ihre Haut in jeder Jahreszeit sanft reinigen,<br \/>\nmit Feuchtigkeit und essentiellen N\u00e4hrstoffen versorgen und ihre nat\u00fcrliche Abwehrkraft st\u00e4rkt. Zahlreiche Vitalstoffe und ein hohes Gehalt an <span style=\"color: #fb068b;\">Omega-3 und Omega-6 <\/span>Fetts\u00e4uren sch\u00fctzen Ihre Haut vor Trockenheit und Alterung und beg\u00fcnstigen eine nat\u00fcrliche zellul\u00e4re Regeneration.<\/p>\n","protected":false},"excerpt":{"rendered":"<p>KOSMETISCHES \u00d6L 8: BIO-\u00d6LE-SERUM \u2666 100% BIO-\u00d6LE-SERUM \u2666 GESICHT &#8211; K\u00d6RPER \u2666 OHNE ZUSATZSTOFFE \u2666 OHNE KONSERVIERUNGSSTOFFE Unser BIO-\u00d6LE-SERUM (GESICHT-K\u00d6RPER) ist ein frisch auf Bestellung handgefertigtes kosmetisches \u00d6l von h\u00f6chster Qualit\u00e4t auf Basis von kosmetischen \u00d6len biologischen Ursprungs. Dieses naturbelassene \u00d6le-Serum ist ein wahres Sch\u00f6nheitselixier an kostbaren \u00d6len, die Ihre Haut in jeder Jahreszeit sanft [&hellip;]<\/p>\n","protected":false},"featured_media":0,"template":"","meta":[],"product_cat":[865,853,851],"product_tag":[],"_links":{"self":[{"href":"https:\/\/ecologicalfarming.ma\/index.php?rest_route=\/wp\/v2\/product\/10423"}],"collection":[{"href":"https:\/\/ecologicalfarming.ma\/index.php?rest_route=\/wp\/v2\/product"}],"about":[{"href":"https:\/\/ecologicalfarming.ma\/index.php?rest_route=\/wp\/v2\/types\/product"}],"wp:attachment":[{"href":"https:\/\/ecologicalfarming.ma\/index.php?rest_route=%2Fwp%2Fv2%2Fmedia&parent=10423"}],"wp:term":[{"taxonomy":"product_cat","embeddable":true,"href":"https:\/\/ecologicalfarming.ma\/index.php?rest_route=%2Fwp%2Fv2%2Fproduct_cat&post=10423"},{"taxonomy":"product_tag","embeddable":true,"href":"https:\/\/ecologicalfarming.ma\/index.php?rest_route=%2Fwp%2Fv2%2Fproduct_tag&post=10423"}],"curies":[{"name":"wp","href":"https:\/\/api.w.org\/{rel}","templated":true}]}}