{"id":10367,"date":"2021-08-11T18:22:31","date_gmt":"2021-08-11T18:22:31","guid":{"rendered":"https:\/\/ecologicalfarming.ma\/?post_type=product&#038;p=10367"},"modified":"2024-10-07T22:16:39","modified_gmt":"2024-10-07T22:16:39","slug":"masque6-argile-blanche-poids-150gr","status":"publish","type":"product","link":"https:\/\/ecologicalfarming.ma\/?product=masque6-argile-blanche-poids-150gr","title":{"rendered":"<span style=\"color: #470796;\"><p>MASQUE 8<\/p><\/span> <span style=\"color: #ff00a6;\"><p>ARGILE BLANCHE<\/p><\/span> <span style=\"color: #944a4f;\">Poids : 100Gr<\/span>"},"content":{"rendered":"<p><span style=\"color: #470796;\">MASQUE 8 : <\/span><span style=\"color: #fb068b;\">ARGILE BLANCHE<\/span><\/p>\n<p>\u2666 100 % ARGILE BLANCHE NATURELLE<br \/>\n\u2666 MOULU<\/p>\n<ul>\n<li style=\"text-align: left;\">SANS COLORANTS<\/li>\n<li style=\"text-align: left;\">SANS ADDITIFS<\/li>\n<li style=\"text-align: left;\">SANS CONSERVATEURS<\/li>\n<\/ul>\n<p>Notre <span style=\"color: #470796;\">MASQUE 8<\/span>\u00a0<span style=\"color: #fb068b;\"><span style=\"color: #333333;\">\u00e0 base <\/span><\/span><span style=\"color: #fb068b;\">d&#8217;argile blanche 100% naturelle<span style=\"color: #333333;\"> est fra\u00eechement produit et moulu sur commande sans aucune substance synth\u00e9tique, sans colorants, sans additifs et sans conservateurs. M\u00e9langez \u00e0 quantit\u00e9 \u00e9gale argile blanche et eau ti\u00e8de.<br \/>\nNous recommandons 10 grammes de argile blanche pour un masque \u00e0 appliquer sur le visage et 50 grammes pour un gommage corporel. Laissez poser ce m\u00e9lange 10 \u00e0 15 minutes jusqu&#8217;\u00e0 l\u00b4obtention d&#8217;une p\u00e2te onctueuse puis appliquez avec la main en effectuant des mouvements circulaires sur le visage et\/ou le corps. Laissez agir environ 10 minutes avant de rincer \u00e0 l\u2019eau ti\u00e8de ou sous la douche.<br \/>\n<\/span><\/span><\/p>\n<p>&nbsp;<\/p>\n","protected":false},"excerpt":{"rendered":"<p>MASQUE 8 : ARGILE BLANCHE \u2666 100 % ARGILE BLANCHE NATURELLE \u2666 MOULU SANS COLORANTS SANS ADDITIFS SANS CONSERVATEURS Notre MASQUE 8\u00a0\u00e0 base d&#8217;argile blanche 100% naturelle est fra\u00eechement produit et moulu sur commande sans aucune substance synth\u00e9tique, sans colorants, sans additifs et sans conservateurs. M\u00e9langez \u00e0 quantit\u00e9 \u00e9gale argile blanche et eau ti\u00e8de. Nous [&hellip;]<\/p>\n","protected":false},"featured_media":7019,"template":"","meta":[],"product_cat":[40,552,463],"product_tag":[],"_links":{"self":[{"href":"https:\/\/ecologicalfarming.ma\/index.php?rest_route=\/wp\/v2\/product\/10367"}],"collection":[{"href":"https:\/\/ecologicalfarming.ma\/index.php?rest_route=\/wp\/v2\/product"}],"about":[{"href":"https:\/\/ecologicalfarming.ma\/index.php?rest_route=\/wp\/v2\/types\/product"}],"wp:featuredmedia":[{"embeddable":true,"href":"https:\/\/ecologicalfarming.ma\/index.php?rest_route=\/wp\/v2\/media\/7019"}],"wp:attachment":[{"href":"https:\/\/ecologicalfarming.ma\/index.php?rest_route=%2Fwp%2Fv2%2Fmedia&parent=10367"}],"wp:term":[{"taxonomy":"product_cat","embeddable":true,"href":"https:\/\/ecologicalfarming.ma\/index.php?rest_route=%2Fwp%2Fv2%2Fproduct_cat&post=10367"},{"taxonomy":"product_tag","embeddable":true,"href":"https:\/\/ecologicalfarming.ma\/index.php?rest_route=%2Fwp%2Fv2%2Fproduct_tag&post=10367"}],"curies":[{"name":"wp","href":"https:\/\/api.w.org\/{rel}","templated":true}]}}