{"id":10359,"date":"2021-08-11T18:04:40","date_gmt":"2021-08-11T18:04:40","guid":{"rendered":"https:\/\/ecologicalfarming.ma\/?post_type=product&#038;p=10359"},"modified":"2021-09-03T07:55:07","modified_gmt":"2021-09-03T07:55:07","slug":"100gr-masque-visage-cereales","status":"publish","type":"product","link":"https:\/\/ecologicalfarming.ma\/?product=100gr-masque-visage-cereales","title":{"rendered":"<span style=\"color: #470796;\"><p>MASQUE 6<\/p><\/span> <span style=\"color: #ff00a6;\"><p>MASQUE VISAGE C\u00c9R\u00c9ALES<\/p><\/span> <span style=\"color: #944a4f;\">Poids : 100Gr<\/span>"},"content":{"rendered":"<p><span style=\"color: #470796;\">MASQUE 6 : <span style=\"color: #fb068b;\">MASQUE VISAGE C\u00c9R\u00c9ALES<\/span><\/span><\/p>\n<p>\u2666 VISAGE<br \/>\n\u2666 7 VARI<span style=\"color: #333333;\">\u00c9T\u00c9S DE C\u00c9R\u00c9ALES<\/span><br \/>\n\u2666 SANS CONSERVATEURS<br \/>\n\u2666 SANS ADDITIFS<br \/>\n\u2666 SANS CONSERVATEURS<\/p>\n<p>Notre <span style=\"color: #470796;\">MASQUE VISAGE C\u00c9R\u00c9ALES<\/span>\u00a0\u00e0 base de<span style=\"color: #fb068b;\"> 7 vari\u00e9t\u00e9s de c\u00e9r\u00e9ales <\/span>de qualit\u00e9 BIO est fra\u00eechement produit sur commande sans aucune<br \/>\nsubstance synth\u00e9tique, sans colorants, sans additifs et sans conservateurs.<br \/>\nCe produit 100% pur et naturel peut \u00eatre aussi utilis\u00e9 comme savon naturel et permet un soin vraiment sain et durable de votre peau.<br \/>\nM\u00e9langez ce produit id\u00e9alement avec l\u2019eau de rose \u00e0 quantit\u00e9 \u00e9gale jusqu\u2019\u00e0 l\u00b4obtention d\u2019une p\u00e2te homog\u00e8ne et laissez poser 10 minutes. Cependant lavez (avec un savon naturel) et s\u00e9chez votre visage puis appliquez avec la main en effectuant des mouvements circulaires et en \u00e9vitant le contour des yeux. Laissez agir environ 10 \u00e0 15 minutes avant de rincer \u00e0 l\u2019eau ti\u00e8de ou sous la douche. S\u00e9chez votre visage avec une serviette douce et appliquer ensuite une cr\u00e8me hydratante.<\/p>\n","protected":false},"excerpt":{"rendered":"<p>MASQUE 6 : MASQUE VISAGE C\u00c9R\u00c9ALES \u2666 VISAGE \u2666 7 VARI\u00c9T\u00c9S DE C\u00c9R\u00c9ALES \u2666 SANS CONSERVATEURS \u2666 SANS ADDITIFS \u2666 SANS CONSERVATEURS Notre MASQUE VISAGE C\u00c9R\u00c9ALES\u00a0\u00e0 base de 7 vari\u00e9t\u00e9s de c\u00e9r\u00e9ales de qualit\u00e9 BIO est fra\u00eechement produit sur commande sans aucune substance synth\u00e9tique, sans colorants, sans additifs et sans conservateurs. Ce produit 100% pur [&hellip;]<\/p>\n","protected":false},"featured_media":10360,"template":"","meta":[],"product_cat":[463],"product_tag":[],"_links":{"self":[{"href":"https:\/\/ecologicalfarming.ma\/index.php?rest_route=\/wp\/v2\/product\/10359"}],"collection":[{"href":"https:\/\/ecologicalfarming.ma\/index.php?rest_route=\/wp\/v2\/product"}],"about":[{"href":"https:\/\/ecologicalfarming.ma\/index.php?rest_route=\/wp\/v2\/types\/product"}],"wp:featuredmedia":[{"embeddable":true,"href":"https:\/\/ecologicalfarming.ma\/index.php?rest_route=\/wp\/v2\/media\/10360"}],"wp:attachment":[{"href":"https:\/\/ecologicalfarming.ma\/index.php?rest_route=%2Fwp%2Fv2%2Fmedia&parent=10359"}],"wp:term":[{"taxonomy":"product_cat","embeddable":true,"href":"https:\/\/ecologicalfarming.ma\/index.php?rest_route=%2Fwp%2Fv2%2Fproduct_cat&post=10359"},{"taxonomy":"product_tag","embeddable":true,"href":"https:\/\/ecologicalfarming.ma\/index.php?rest_route=%2Fwp%2Fv2%2Fproduct_tag&post=10359"}],"curies":[{"name":"wp","href":"https:\/\/api.w.org\/{rel}","templated":true}]}}