{"id":10159,"date":"2021-08-04T21:34:44","date_gmt":"2021-08-04T21:34:44","guid":{"rendered":"https:\/\/ecologicalfarming.ma\/?post_type=product&#038;p=10159"},"modified":"2021-08-05T08:17:27","modified_gmt":"2021-08-05T08:17:27","slug":"ghassoul-3-natuerlicher-ghassoul-erde-kraeutern-heilpflanzen","status":"publish","type":"product","link":"https:\/\/ecologicalfarming.ma\/?product=ghassoul-3-natuerlicher-ghassoul-erde-kraeutern-heilpflanzen","title":{"rendered":"<span style=\"color: #470796;\"><p>GHASSOUL 3<\/p><\/span> <span style=\"color: #ff00a6;\"><p>KR\u00c4UTER UND HEILPFLANZEN<\/p><\/span> <span style=\"color: #944a4f;\">Gewicht : 150Gr<\/span>"},"content":{"rendered":"<p><span style=\"color: #470796;\">GHASSOUL 3 : <\/span><span style=\"color: #fb068b;\">GHASSOUL &amp; KR\u00c4UTER UND HEILPFLANZEN<\/span><\/p>\n<p>\u2666 100 % NAT\u00dcRLICHE GHASSOUL-ERDE<br \/>\n\u2666 KR\u00c4UTER UND HEILPFLANZEN<br \/>\n\u2666 PL\u00c4TTCHEN-F\u00d6RMIG<\/p>\n<ul>\n<li style=\"text-align: left;\">OHNE FARBSTOFFE<\/li>\n<li style=\"text-align: left;\">OHNE ZUSATZSTOFFE<\/li>\n<li style=\"text-align: left;\">OHNE KONSERVIERUNGSSTOFFE<br \/>\nUnser GHASSOUL 3 ist eine frisch auf Bestellung handgefertigte Kreation auf Basis<br \/>\nvon 100 % nat\u00fcrlicher Ghassoul-Erde, Kr\u00e4utern und Heilpflanzen<\/li>\n<\/ul>\n<p>Unser <span style=\"color: #470796;\">GHASSOUL 3 <\/span>ist eine frisch auf Bestellung handgefertigte Kreation auf Basis von <span style=\"color: #fb068b;\">100 % nat\u00fcrlicher Ghassoul-Erde, Kr\u00e4utern und Heilpflanzen <span style=\"color: #333333;\">ohne Zusatz von synthetischen Substanzen, Farbstoffen, Zusatzstoffen und Konservierungsstoffen. Vermengen Sie Ghassoul und lauwarmes Wasser im Verh\u00e4ltnis 1 zu 1.<br \/>\nWir empfehlen 10 Gramm Ghassoul f\u00fcr eine Gesichtsanwendung und 50 Gramm f\u00fcr eine K\u00f6rperanwendung. Bitte r\u00fchren Sie die Mischung um und lassen Sie diese 10 bis 15 Minuten quellen. Anschlie\u00dfend tragen Sie sie mit der flachen Hand und kreisrunden<br \/>\nBewegungen auf und lassen Sie sie ca. 10 Minuten einwirken. Zum Schluss waschen Sie sich gr\u00fcndlich mit lauwarmem Wasser ab.<\/span><\/span><\/p>\n","protected":false},"excerpt":{"rendered":"<p>GHASSOUL 3 : GHASSOUL &amp; KR\u00c4UTER UND HEILPFLANZEN \u2666 100 % NAT\u00dcRLICHE GHASSOUL-ERDE \u2666 KR\u00c4UTER UND HEILPFLANZEN \u2666 PL\u00c4TTCHEN-F\u00d6RMIG OHNE FARBSTOFFE OHNE ZUSATZSTOFFE OHNE KONSERVIERUNGSSTOFFE Unser GHASSOUL 3 ist eine frisch auf Bestellung handgefertigte Kreation auf Basis von 100 % nat\u00fcrlicher Ghassoul-Erde, Kr\u00e4utern und Heilpflanzen Unser GHASSOUL 3 ist eine frisch auf Bestellung handgefertigte Kreation [&hellip;]<\/p>\n","protected":false},"featured_media":4444,"template":"","meta":[],"product_cat":[746,744],"product_tag":[],"_links":{"self":[{"href":"https:\/\/ecologicalfarming.ma\/index.php?rest_route=\/wp\/v2\/product\/10159"}],"collection":[{"href":"https:\/\/ecologicalfarming.ma\/index.php?rest_route=\/wp\/v2\/product"}],"about":[{"href":"https:\/\/ecologicalfarming.ma\/index.php?rest_route=\/wp\/v2\/types\/product"}],"wp:featuredmedia":[{"embeddable":true,"href":"https:\/\/ecologicalfarming.ma\/index.php?rest_route=\/wp\/v2\/media\/4444"}],"wp:attachment":[{"href":"https:\/\/ecologicalfarming.ma\/index.php?rest_route=%2Fwp%2Fv2%2Fmedia&parent=10159"}],"wp:term":[{"taxonomy":"product_cat","embeddable":true,"href":"https:\/\/ecologicalfarming.ma\/index.php?rest_route=%2Fwp%2Fv2%2Fproduct_cat&post=10159"},{"taxonomy":"product_tag","embeddable":true,"href":"https:\/\/ecologicalfarming.ma\/index.php?rest_route=%2Fwp%2Fv2%2Fproduct_tag&post=10159"}],"curies":[{"name":"wp","href":"https:\/\/api.w.org\/{rel}","templated":true}]}}