{"id":10148,"date":"2021-08-04T16:15:28","date_gmt":"2021-08-04T16:15:28","guid":{"rendered":"https:\/\/ecologicalfarming.ma\/?post_type=product&#038;p=10148"},"modified":"2021-11-06T10:15:45","modified_gmt":"2021-11-06T10:15:45","slug":"ghassoul-7-natuerlicher-weisser-tonerde","status":"publish","type":"product","link":"https:\/\/ecologicalfarming.ma\/?product=ghassoul-7-natuerlicher-weisser-tonerde","title":{"rendered":"<span style=\"color: #470796;\"><p>GHASSOUL 7<\/p><\/span> <span style=\"color: #ff00a6;\"><p>WEISSE TONERDE<\/p><\/span> <span style=\"color: #944a4f;\">Gewicht : 100Gr<\/span>"},"content":{"rendered":"<p><span style=\"color: #470796;\">GHASSOUL 7 : <\/span><span style=\"color: #fb068b;\">WEISSE TONERDE<\/span><\/p>\n<p>\u2666 100 % NAT\u00dcRLICHE GHASSOUL-ERDE<br \/>\n\u2666 VERMAHLEN<\/p>\n<ul>\n<li style=\"text-align: left;\">OHNE FARBSTOFFE<\/li>\n<li style=\"text-align: left;\">OHNE ZUSATZSTOFFE<\/li>\n<li style=\"text-align: left;\">OHNE KONSERVIERUNGSSTOFFE<\/li>\n<\/ul>\n<p>Unser <span style=\"color: #470796;\">GHASSOUL 7<\/span> ist eine frisch auf Bestellung handgefertigte Kreation auf Basis von<span style=\"color: #fb068b;\">\u00a0100 % nat\u00fcrlicher weisser Tonerde <span style=\"color: #333333;\">ohne Zusatz von synthetischen Substanzen, Farbstoffen, Zusatzstoffen und Konservierungsstoffen. Vermengen Sie Ghassoul und lauwarmes Wasser im Verh\u00e4ltnis 1 zu 1.<br \/>\nWir empfehlen 10 Gramm Ghassoul f\u00fcr eine Gesichtsanwendung und 50 Gramm f\u00fcr eine K\u00f6rperanwendung. Bitte r\u00fchren Sie die Mischung um und lassen Sie diese 10 bis 15 Minuten quellen. Anschlie\u00dfend tragen Sie sie mit der flachen Hand und kreisrunden<br \/>\nBewegungen auf und lassen Sie sie ca. 10 Minuten einwirken. Zum Schluss waschen Sie sich gr\u00fcndlich mit lauwarmem Wasser ab.<\/span><\/span><\/p>\n","protected":false},"excerpt":{"rendered":"<p>GHASSOUL 7 : WEISSE TONERDE \u2666 100 % NAT\u00dcRLICHE GHASSOUL-ERDE \u2666 VERMAHLEN OHNE FARBSTOFFE OHNE ZUSATZSTOFFE OHNE KONSERVIERUNGSSTOFFE Unser GHASSOUL 7 ist eine frisch auf Bestellung handgefertigte Kreation auf Basis von\u00a0100 % nat\u00fcrlicher weisser Tonerde ohne Zusatz von synthetischen Substanzen, Farbstoffen, Zusatzstoffen und Konservierungsstoffen. Vermengen Sie Ghassoul und lauwarmes Wasser im Verh\u00e4ltnis 1 zu 1. [&hellip;]<\/p>\n","protected":false},"featured_media":7019,"template":"","meta":[],"product_cat":[746],"product_tag":[],"_links":{"self":[{"href":"https:\/\/ecologicalfarming.ma\/index.php?rest_route=\/wp\/v2\/product\/10148"}],"collection":[{"href":"https:\/\/ecologicalfarming.ma\/index.php?rest_route=\/wp\/v2\/product"}],"about":[{"href":"https:\/\/ecologicalfarming.ma\/index.php?rest_route=\/wp\/v2\/types\/product"}],"wp:featuredmedia":[{"embeddable":true,"href":"https:\/\/ecologicalfarming.ma\/index.php?rest_route=\/wp\/v2\/media\/7019"}],"wp:attachment":[{"href":"https:\/\/ecologicalfarming.ma\/index.php?rest_route=%2Fwp%2Fv2%2Fmedia&parent=10148"}],"wp:term":[{"taxonomy":"product_cat","embeddable":true,"href":"https:\/\/ecologicalfarming.ma\/index.php?rest_route=%2Fwp%2Fv2%2Fproduct_cat&post=10148"},{"taxonomy":"product_tag","embeddable":true,"href":"https:\/\/ecologicalfarming.ma\/index.php?rest_route=%2Fwp%2Fv2%2Fproduct_tag&post=10148"}],"curies":[{"name":"wp","href":"https:\/\/api.w.org\/{rel}","templated":true}]}}