{"id":10139,"date":"2021-08-04T16:12:29","date_gmt":"2021-08-04T16:12:29","guid":{"rendered":"https:\/\/ecologicalfarming.ma\/?post_type=product&#038;p=10139"},"modified":"2021-08-05T08:17:09","modified_gmt":"2021-08-05T08:17:09","slug":"ghassoul-2-natuerlicher-ghassoul-erde-bio-rosenblaettern-und-bio-rosenoel","status":"publish","type":"product","link":"https:\/\/ecologicalfarming.ma\/?product=ghassoul-2-natuerlicher-ghassoul-erde-bio-rosenblaettern-und-bio-rosenoel","title":{"rendered":"<span style=\"color: #470796;\"><p>GHASSOUL 2<\/p><\/span> <span style=\"color: #ff00a6;\"><p>BIO-ROSENBL\u00c4TTER &#038; BIO-ROSEN\u00d6L<\/p><\/span> <span style=\"color: #944a4f;\">Gewicht : 150Gr<\/span>"},"content":{"rendered":"<p><span style=\"color: #470796;\">GHASSOUL 2 : <\/span><span style=\"color: #fb068b;\">GHASSOUL &amp; BIO-ROSENBL\u00c4TTER &amp; BIO-ROSEN\u00d6L<\/span><\/p>\n<p>\u2666 100 % NAT\u00dcRLICHE GHASSOUL-ERDE<br \/>\n\u2666 BIO-ROSENBL\u00c4TTER<br \/>\n\u2666 BIO-ROSEN\u00d6L<\/p>\n<ul>\n<li style=\"text-align: left;\">OHNE FARBSTOFFE<\/li>\n<li style=\"text-align: left;\">OHNE ZUSATZSTOFFE<\/li>\n<li style=\"text-align: left;\">OHNE KONSERVIERUNGSSTOFFE<\/li>\n<\/ul>\n<p>Unser <span style=\"color: #470796;\">GHASSOUL 1 <\/span>\u00a0ist eine frisch auf Bestellung handgefertigte Kreation auf Basis von <span style=\"color: #fb068b;\">100 % nat\u00fcrlicher Ghassoul-Erde, BIO-Rosenbl\u00e4ttern und BIO-Rosen\u00f6l <span style=\"color: #333333;\">ohne Zusatz von synthetischen Substanzen, Farbstoffen, Zusatzstoffen und Konservierungsstoffen.<br \/>\nVermengen Sie Ghassoul und lauwarmes Wasser im Verh\u00e4ltnis 1 zu 1.<br \/>\nWir empfehlen 10 Gramm Ghassoul f\u00fcr eine Gesichtsanwendung und 50 Gramm f\u00fcr eine K\u00f6rperanwendung. Bitte r\u00fchren Sie die Mischung um und lassen Sie diese 10 bis 15 Minuten quellen. Anschlie\u00dfend tragen Sie sie mit der flachen Hand und kreisrunden<br \/>\nBewegungen auf und lassen Sie sie ca. 10 Minuten einwirken. Zum Schluss waschen Sie sich gr\u00fcndlich mit lauwarmem Wasser ab.<\/span><\/span><\/p>\n","protected":false},"excerpt":{"rendered":"<p>GHASSOUL 2 : GHASSOUL &amp; BIO-ROSENBL\u00c4TTER &amp; BIO-ROSEN\u00d6L \u2666 100 % NAT\u00dcRLICHE GHASSOUL-ERDE \u2666 BIO-ROSENBL\u00c4TTER \u2666 BIO-ROSEN\u00d6L OHNE FARBSTOFFE OHNE ZUSATZSTOFFE OHNE KONSERVIERUNGSSTOFFE Unser GHASSOUL 1 \u00a0ist eine frisch auf Bestellung handgefertigte Kreation auf Basis von 100 % nat\u00fcrlicher Ghassoul-Erde, BIO-Rosenbl\u00e4ttern und BIO-Rosen\u00f6l ohne Zusatz von synthetischen Substanzen, Farbstoffen, Zusatzstoffen und Konservierungsstoffen. Vermengen Sie Ghassoul [&hellip;]<\/p>\n","protected":false},"featured_media":0,"template":"","meta":[],"product_cat":[746,744],"product_tag":[],"_links":{"self":[{"href":"https:\/\/ecologicalfarming.ma\/index.php?rest_route=\/wp\/v2\/product\/10139"}],"collection":[{"href":"https:\/\/ecologicalfarming.ma\/index.php?rest_route=\/wp\/v2\/product"}],"about":[{"href":"https:\/\/ecologicalfarming.ma\/index.php?rest_route=\/wp\/v2\/types\/product"}],"wp:attachment":[{"href":"https:\/\/ecologicalfarming.ma\/index.php?rest_route=%2Fwp%2Fv2%2Fmedia&parent=10139"}],"wp:term":[{"taxonomy":"product_cat","embeddable":true,"href":"https:\/\/ecologicalfarming.ma\/index.php?rest_route=%2Fwp%2Fv2%2Fproduct_cat&post=10139"},{"taxonomy":"product_tag","embeddable":true,"href":"https:\/\/ecologicalfarming.ma\/index.php?rest_route=%2Fwp%2Fv2%2Fproduct_tag&post=10139"}],"curies":[{"name":"wp","href":"https:\/\/api.w.org\/{rel}","templated":true}]}}