{"id":10134,"date":"2021-08-04T07:51:03","date_gmt":"2021-08-04T07:51:03","guid":{"rendered":"https:\/\/ecologicalfarming.ma\/?post_type=product&#038;p=10134"},"modified":"2021-08-05T14:44:51","modified_gmt":"2021-08-05T14:44:51","slug":"praline-5-doerrobst-bio-honig","status":"publish","type":"product","link":"https:\/\/ecologicalfarming.ma\/?product=praline-5-doerrobst-bio-honig","title":{"rendered":"<span style=\"color:#bf5944;\"><p>PRALIN\u00c9 5<\/span><\/p> <span style=\"color:#fe2c00;\"><p>D\u00d6RROBST UND BIO-HONIG<\/span><\/p> <span style=\"color: #944a4f;\">Weight : 250Gr<\/span>"},"content":{"rendered":"<p><span style=\"color: #6b222c;\">PRALIN\u00c9 5 <\/span><strong>:<\/strong> <span style=\"color: #ff3300;\">D\u00d6RROBST UND BIO-HONIG<\/span><\/p>\n<ul>\n<li>OHNE ZUCKER<\/li>\n<li>OHNE ZUSATZSTOFFE<\/li>\n<li>OHNE KONSERVIERUNGSSTOFFE<\/li>\n<\/ul>\n<p>Unsere <span style=\"color: #944a4f;\">PRALIN\u00c9 5<\/span> est une cr\u00e9ation \u00e0 base <span style=\"color: #944a4f;\">D\u00f6rrobst and BIO-Honig <span style=\"color: #333333;\">mit purem und nat\u00fcrlichem Geschmack.<\/span><\/span><br \/>\nSie k\u00f6nnen dieses Produkt f\u00fcr Cr\u00e8me Ganache (Pariser Creme), Eis, Mousse usw. verwenden.Alternativ k\u00f6nnen Sie damit in Kombination mit weiteren Zutaten Ihren eigenen Brotaufstrich zaubern.<\/p>\n<p>&nbsp;<\/p>\n<p>&nbsp;<\/p>\n","protected":false},"excerpt":{"rendered":"<p>PRALIN\u00c9 5 : D\u00d6RROBST UND BIO-HONIG OHNE ZUCKER OHNE ZUSATZSTOFFE OHNE KONSERVIERUNGSSTOFFE Unsere PRALIN\u00c9 5 est une cr\u00e9ation \u00e0 base D\u00f6rrobst and BIO-Honig mit purem und nat\u00fcrlichem Geschmack. Sie k\u00f6nnen dieses Produkt f\u00fcr Cr\u00e8me Ganache (Pariser Creme), Eis, Mousse usw. verwenden.Alternativ k\u00f6nnen Sie damit in Kombination mit weiteren Zutaten Ihren eigenen Brotaufstrich zaubern. &nbsp; &nbsp;<\/p>\n","protected":false},"featured_media":0,"template":"","meta":[],"product_cat":[349,626,611],"product_tag":[],"_links":{"self":[{"href":"https:\/\/ecologicalfarming.ma\/index.php?rest_route=\/wp\/v2\/product\/10134"}],"collection":[{"href":"https:\/\/ecologicalfarming.ma\/index.php?rest_route=\/wp\/v2\/product"}],"about":[{"href":"https:\/\/ecologicalfarming.ma\/index.php?rest_route=\/wp\/v2\/types\/product"}],"wp:attachment":[{"href":"https:\/\/ecologicalfarming.ma\/index.php?rest_route=%2Fwp%2Fv2%2Fmedia&parent=10134"}],"wp:term":[{"taxonomy":"product_cat","embeddable":true,"href":"https:\/\/ecologicalfarming.ma\/index.php?rest_route=%2Fwp%2Fv2%2Fproduct_cat&post=10134"},{"taxonomy":"product_tag","embeddable":true,"href":"https:\/\/ecologicalfarming.ma\/index.php?rest_route=%2Fwp%2Fv2%2Fproduct_tag&post=10134"}],"curies":[{"name":"wp","href":"https:\/\/api.w.org\/{rel}","templated":true}]}}