{"id":455,"date":"2019-06-27T14:44:13","date_gmt":"2019-06-27T14:44:13","guid":{"rendered":"https:\/\/ecologicalfarming.ma\/?page_id=455"},"modified":"2024-01-26T00:36:14","modified_gmt":"2024-01-26T00:36:14","slug":"a-propos","status":"publish","type":"page","link":"https:\/\/ecologicalfarming.ma\/?page_id=455","title":{"rendered":"a propos"},"content":{"rendered":"<p>[vc_row css=&#8221;.vc_custom_1563456661833{margin-right: 100px !important;margin-left: 100px !important;}&#8221; el_id=&#8221;mobilemargin10&#8243;][vc_column][vc_custom_heading text=&#8221;BIEVENUE SUR VOTRE ESPACE ECOLOGICAL FARMING&#8221; font_container=&#8221;tag:h2|font_size:16|text_align:center|color:%231c1c1c&#8221; google_fonts=&#8221;font_family:Raleway%3A100%2C200%2C300%2Cregular%2C500%2C600%2C700%2C800%2C900|font_style:600%20bold%20regular%3A600%3Anormal&#8221; css=&#8221;.vc_custom_1640096676676{margin-bottom: 50px !important;}&#8221;][vc_custom_heading text=&#8221;QUI SOMMES NOUS&#8221; font_container=&#8221;tag:h2|font_size:19|text_align:left|color:%23000000&#8243; google_fonts=&#8221;font_family:Raleway%3A100%2C200%2C300%2Cregular%2C500%2C600%2C700%2C800%2C900|font_style:600%20bold%20regular%3A600%3Anormal&#8221; el_class=&#8221;underlined-ttt&#8221;][vc_column_text]<span style=\"color: #944a4f;\">ECOLOGICAL FARMING<\/span><strong><span style=\"color: #944a4f;\"> : <\/span><\/strong>offre \u00e0 ses clients les meilleurs produits du terroir, 100% BIO, 100% NATUREL et sans additifs ni conservateurs.<br \/>\nUn site web en trois langues (Fran\u00e7ais, Anglais et Allemand)<br \/>\nD\u00e9couvrez en une haute gamme de produits du terroir de qualit\u00e9 exceptionnelle classifi\u00e9e dans le segment pr\u00e9mium.<\/p>\n<ul>\n<li>Plus de 200 produits SAVEURS BIO<\/li>\n<li>Plus de 100 produits SPA NATURELS<\/li>\n<li>Plus de 100 NOUVEAUX PRODUITS dans la derni\u00e8re phase de d\u00e9veloppement<\/li>\n<\/ul>\n<p>Toutes les gammes de produits propos\u00e9es dans notre boutique ont \u00e9t\u00e9 d\u00e9velopp\u00e9es, test\u00e9es et finalement autoris\u00e9es par notre unit\u00e9 de recherche et de d\u00e9veloppement avant d\u2019\u00eatre commercialis\u00e9es.<\/p>\n<p><span style=\"color: #339966;\"><span style=\"color: #944a4f;\">NOTRE VISION &#8211; NOTRE MISSION &#8211; NOS VALEURS <\/span><strong><span style=\"color: #944a4f;\">:<\/span><\/strong><\/span><\/p>\n<p>Nous s\u00e9lectionnons nos produits pour vous et votre famille selon nos standards d\u2019\u00e9valuation allant au-del\u00e0 des obligations l\u00e9gales et r\u00e8glementaires.<br \/>\nNous sommes tr\u00e8s exigeants sans aucune concession concernant la qualit\u00e9 de nos produits et la professionnalisme des proc\u00e9dures technologiques choisies pour chaque type de produit.<br \/>\nNos clients peuvent donc s\u2019attendre \u00e0 ce que leur produit de choix soit de haute qualit\u00e9 et \u00e0 la mesure de leur estimation.<br \/>\nNotre savoir-faire est bas\u00e9 sur plusieurs ann\u00e9es d\u2019exp\u00e9rience dans les domaines suivants:<br \/>\n<span style=\"color: #339966;\">NOTRE DIRECTION : <\/span>Notre PDG est chimiste. Elle offre plus de 20 ans d\u2019exp\u00e9rience concernant la chimie agricole, l\u2019administration de bureau, la conception de sites web, le marketing international et ma\u00eetrise aussi l\u2019art culinaire Marocain.<br \/>\n<span style=\"color: #339966;\">NOTRE SAVOIR-FAIRE TECHNIQUE :<\/span> Notre Manager R&amp;D est Dr. et poss\u00e8de pr\u00e8s de 25 ans d\u2019exp\u00e9rience \u00e0 l\u2019international concernant l\u2019ing\u00e9nierie des sciences du vivant et la biotechnologie, la microbiologie, la chimie alimentaire et la recherche<br \/>\nbiom\u00e9dicale.<br \/>\n<span style=\"color: #339966;\">VOTRE B\u00c9N\u00c9FICE :<\/span> Une gamme de produits du terroir de meilleure qualit\u00e9 faits \u00e0 la main sans additifs ni agents conservateurs. Nos ingr\u00e9dients sont purement naturels, de qualit\u00e9 BIO et appropri\u00e9s pour une alimentation saine et \u00e9quilibr\u00e9e.\u00a0\u00a9Copyright<\/p>\n<p style=\"text-align: center;\"><span style=\"color: #f70a8c;\">EN BREF : D\u00c9CIDEZ-VOUS POUR LA QUALIT\u00c9 ET CHOISISSEZ L\u2019ORIGINAL<br \/>\n<\/span><\/p>\n<p style=\"text-align: center;\">CONTACTEZ-NOUS :\u00a0<a href=\"https:\/\/ecologicalfarming.ma\/contactez-nous\/\"><span style=\"color: #f95f90;\">CLIQER -ICI<\/span><\/a><\/p>\n<p>[\/vc_column_text][\/vc_column][\/vc_row]<\/p>\n","protected":false},"excerpt":{"rendered":"<p>[vc_row css=&#8221;.vc_custom_1563456661833{margin-right: 100px !important;margin-left: 100px !important;}&#8221; el_id=&#8221;mobilemargin10&#8243;][vc_column][vc_custom_heading text=&#8221;BIEVENUE SUR VOTRE ESPACE ECOLOGICAL FARMING&#8221; font_container=&#8221;tag:h2|font_size:16|text_align:center|color:%231c1c1c&#8221; google_fonts=&#8221;font_family:Raleway%3A100%2C200%2C300%2Cregular%2C500%2C600%2C700%2C800%2C900|font_style:600%20bold%20regular%3A600%3Anormal&#8221; css=&#8221;.vc_custom_1640096676676{margin-bottom: 50px !important;}&#8221;][vc_custom_heading text=&#8221;QUI SOMMES NOUS&#8221; font_container=&#8221;tag:h2|font_size:19|text_align:left|color:%23000000&#8243; google_fonts=&#8221;font_family:Raleway%3A100%2C200%2C300%2Cregular%2C500%2C600%2C700%2C800%2C900|font_style:600%20bold%20regular%3A600%3Anormal&#8221; el_class=&#8221;underlined-ttt&#8221;][vc_column_text]ECOLOGICAL FARMING : offre \u00e0 ses clients les meilleurs produits du terroir, 100% BIO, 100% NATUREL et sans additifs ni conservateurs. Un site web en trois langues (Fran\u00e7ais, Anglais et Allemand) D\u00e9couvrez [&hellip;]<\/p>\n","protected":false},"author":1,"featured_media":0,"parent":0,"menu_order":0,"comment_status":"closed","ping_status":"closed","template":"","meta":{"footnotes":""},"_links":{"self":[{"href":"https:\/\/ecologicalfarming.ma\/index.php?rest_route=\/wp\/v2\/pages\/455"}],"collection":[{"href":"https:\/\/ecologicalfarming.ma\/index.php?rest_route=\/wp\/v2\/pages"}],"about":[{"href":"https:\/\/ecologicalfarming.ma\/index.php?rest_route=\/wp\/v2\/types\/page"}],"author":[{"embeddable":true,"href":"https:\/\/ecologicalfarming.ma\/index.php?rest_route=\/wp\/v2\/users\/1"}],"replies":[{"embeddable":true,"href":"https:\/\/ecologicalfarming.ma\/index.php?rest_route=%2Fwp%2Fv2%2Fcomments&post=455"}],"version-history":[{"count":11,"href":"https:\/\/ecologicalfarming.ma\/index.php?rest_route=\/wp\/v2\/pages\/455\/revisions"}],"predecessor-version":[{"id":12420,"href":"https:\/\/ecologicalfarming.ma\/index.php?rest_route=\/wp\/v2\/pages\/455\/revisions\/12420"}],"wp:attachment":[{"href":"https:\/\/ecologicalfarming.ma\/index.php?rest_route=%2Fwp%2Fv2%2Fmedia&parent=455"}],"curies":[{"name":"wp","href":"https:\/\/api.w.org\/{rel}","templated":true}]}}