{"id":1665,"date":"2019-10-08T09:56:18","date_gmt":"2019-10-08T09:56:18","guid":{"rendered":"https:\/\/ecologicalfarming.ma\/index.php\/accueil\/"},"modified":"2025-02-26T16:30:33","modified_gmt":"2025-02-26T16:30:33","slug":"accueil","status":"publish","type":"page","link":"https:\/\/ecologicalfarming.ma\/","title":{"rendered":"accueil"},"content":{"rendered":"<p>[vc_row el_id=&#8221;mobilemargin&#8221; css=&#8221;.vc_custom_1605016318502{margin-top: -65px !important;margin-bottom: 11px !important;}&#8221; el_class=&#8221;slider-home&#8221;][vc_column][rev_slider_vc alias=&#8221;accueil&#8221;][vc_column_text]<\/p>\n<p style=\"text-align: center;\"><span style=\"color: #c78b8c;\"><span style=\"color: #333333;\">BIENVENUE SUR LE SITE WEB DE NOTRE<\/span> <span style=\"color: #e68b8a;\">COOPERATIVE ECOLOGICAL FARMING<\/span> <span style=\"color: #333333;\">SP\u00c9CIALIS\u00c9E DANS LES PRODUITS DE TERROIR <\/span><\/span><span style=\"color: #c78b8c;\"><br \/>\n<span style=\"color: #333333;\">L\u00b4interaction dynamique entre notre savoir-faire scientifique et notre expertise professionnelle et technique nous permet d\u2019inventer, d\u00e9velopper et finalement fabriquer nos produits<\/span> <span style=\"color: #d67372;\"><span style=\"color: #e68b8a;\">SAVEURS BIO et\u00a0SPA NATUREL<\/span>\u00a0<\/span><span style=\"color: #333333;\">avec pr\u00e9caution et de fa\u00e7on naturelle sans besoin d\u00b4y ajouter des additifs ni d\u2019utiliser des agents conservateurs<\/span><\/span>[\/vc_column_text]<div class=\"woocommerce columns-4\"><ul class=\"products columns-4\">\n<li class=\"product-category product first\">\n\t<a href=\"https:\/\/ecologicalfarming.ma\/?product_cat=nouveaux-produits\"><img loading=\"lazy\" decoding=\"async\" src=\"https:\/\/ecologicalfarming.ma\/wp-content\/uploads\/2024\/07\/NOUVEAUX-PRODUITS-fr-2-300x300.jpg\" alt=\"\u2234 NOUVEAUX PRODUITS\" width=\"300\" height=\"300\" srcset=\"https:\/\/ecologicalfarming.ma\/wp-content\/uploads\/2024\/07\/NOUVEAUX-PRODUITS-fr-2-300x300.jpg 300w, https:\/\/ecologicalfarming.ma\/wp-content\/uploads\/2024\/07\/NOUVEAUX-PRODUITS-fr-2-150x150.jpg 150w, https:\/\/ecologicalfarming.ma\/wp-content\/uploads\/2024\/07\/NOUVEAUX-PRODUITS-fr-2-60x60.jpg 60w, https:\/\/ecologicalfarming.ma\/wp-content\/uploads\/2024\/07\/NOUVEAUX-PRODUITS-fr-2-100x100.jpg 100w, https:\/\/ecologicalfarming.ma\/wp-content\/uploads\/2024\/07\/NOUVEAUX-PRODUITS-fr-2-64x63.jpg 64w\" sizes=\"(max-width: 300px) 100vw, 300px\" \/>\t\t<h2 class=\"woocommerce-loop-category__title\">\n\t\t\t\u2234 NOUVEAUX PRODUITS <mark class=\"count\">(4)<\/mark>\t\t<\/h2>\n\t\t<\/a><\/li>\n<li class=\"product-category product\">\n\t<a href=\"https:\/\/ecologicalfarming.ma\/?product_cat=bio-super-food-mix\"><img loading=\"lazy\" decoding=\"async\" src=\"https:\/\/ecologicalfarming.ma\/wp-content\/uploads\/2024\/07\/bio-super-food-300x300.jpg\" alt=\"BIO SUPER FOOD MIX\" width=\"300\" height=\"300\" srcset=\"https:\/\/ecologicalfarming.ma\/wp-content\/uploads\/2024\/07\/bio-super-food-300x300.jpg 300w, https:\/\/ecologicalfarming.ma\/wp-content\/uploads\/2024\/07\/bio-super-food-150x150.jpg 150w, https:\/\/ecologicalfarming.ma\/wp-content\/uploads\/2024\/07\/bio-super-food-60x60.jpg 60w, https:\/\/ecologicalfarming.ma\/wp-content\/uploads\/2024\/07\/bio-super-food-100x100.jpg 100w, https:\/\/ecologicalfarming.ma\/wp-content\/uploads\/2024\/07\/bio-super-food-64x63.jpg 64w\" sizes=\"(max-width: 300px) 100vw, 300px\" \/>\t\t<h2 class=\"woocommerce-loop-category__title\">\n\t\t\tBIO SUPER FOOD MIX <mark class=\"count\">(51)<\/mark>\t\t<\/h2>\n\t\t<\/a><\/li>\n<li class=\"product-category product\">\n\t<a href=\"https:\/\/ecologicalfarming.ma\/?product_cat=saveurs-bio\"><img loading=\"lazy\" decoding=\"async\" src=\"https:\/\/ecologicalfarming.ma\/wp-content\/uploads\/2024\/07\/saveurs-bio-fr-1-300x300.jpg\" alt=\"SAVEURS BIO\" width=\"300\" height=\"300\" srcset=\"https:\/\/ecologicalfarming.ma\/wp-content\/uploads\/2024\/07\/saveurs-bio-fr-1-300x300.jpg 300w, https:\/\/ecologicalfarming.ma\/wp-content\/uploads\/2024\/07\/saveurs-bio-fr-1-150x150.jpg 150w, https:\/\/ecologicalfarming.ma\/wp-content\/uploads\/2024\/07\/saveurs-bio-fr-1-60x60.jpg 60w, https:\/\/ecologicalfarming.ma\/wp-content\/uploads\/2024\/07\/saveurs-bio-fr-1-100x100.jpg 100w, https:\/\/ecologicalfarming.ma\/wp-content\/uploads\/2024\/07\/saveurs-bio-fr-1-64x63.jpg 64w\" sizes=\"(max-width: 300px) 100vw, 300px\" \/>\t\t<h2 class=\"woocommerce-loop-category__title\">\n\t\t\tSAVEURS BIO <mark class=\"count\">(122)<\/mark>\t\t<\/h2>\n\t\t<\/a><\/li>\n<li class=\"product-category product last\">\n\t<a href=\"https:\/\/ecologicalfarming.ma\/?product_cat=spa-produits-naturel\"><img loading=\"lazy\" decoding=\"async\" src=\"https:\/\/ecologicalfarming.ma\/wp-content\/uploads\/2024\/07\/spa-naturel-300x300.jpg\" alt=\"SPA PRODUITS NATURELS\" width=\"300\" height=\"300\" srcset=\"https:\/\/ecologicalfarming.ma\/wp-content\/uploads\/2024\/07\/spa-naturel-300x300.jpg 300w, https:\/\/ecologicalfarming.ma\/wp-content\/uploads\/2024\/07\/spa-naturel-150x150.jpg 150w, https:\/\/ecologicalfarming.ma\/wp-content\/uploads\/2024\/07\/spa-naturel-60x60.jpg 60w, https:\/\/ecologicalfarming.ma\/wp-content\/uploads\/2024\/07\/spa-naturel-100x100.jpg 100w, https:\/\/ecologicalfarming.ma\/wp-content\/uploads\/2024\/07\/spa-naturel-64x63.jpg 64w\" sizes=\"(max-width: 300px) 100vw, 300px\" \/>\t\t<h2 class=\"woocommerce-loop-category__title\">\n\t\t\tSPA PRODUITS NATURELS <mark class=\"count\">(84)<\/mark>\t\t<\/h2>\n\t\t<\/a><\/li>\n<\/ul>\n<\/div>[\/vc_column][\/vc_row][vc_row][vc_column el_class=&#8221;nos-cat&#8221;][vc_single_image image=&#8221;12611&#8243; img_size=&#8221;full&#8221;][\/vc_column][\/vc_row][vc_row css=&#8221;.vc_custom_1600886536181{margin-top: -273px !important;}&#8221; el_class=&#8221;noscat&#8221;][vc_column width=&#8221;1\/3&#8243; css=&#8221;.vc_custom_1615032544878{margin-left: 12px !important;}&#8221; el_id=&#8221;nos-cat-mob&#8221;][vc_column_text css=&#8221;.vc_custom_1736334238775{margin-right: 149px !important;padding-top: 12px !important;padding-bottom: 8px !important;padding-left: 36px !important;}&#8221; el_class=&#8221;noscatlinks&#8221;]<span style=\"color: #333333;\"><a style=\"color: #333333;\" href=\"\/?product_cat=nouveaux-produits\">NOUVEAUX PRODUITS<\/a><\/span><br \/>\n<span style=\"color: #333333;\"><img loading=\"lazy\" decoding=\"async\" class=\"alignnone size-full wp-image-570\" src=\"https:\/\/ecologicalfarming.ma\/wp-content\/uploads\/2019\/07\/13.jpg\" alt=\"\" width=\"210\" height=\"1\" srcset=\"https:\/\/ecologicalfarming.ma\/wp-content\/uploads\/2019\/07\/13.jpg 203w, https:\/\/ecologicalfarming.ma\/wp-content\/uploads\/2019\/07\/13-64x1.jpg 64w\" sizes=\"(max-width: 210px) 100vw, 210px\" \/><\/span><br \/>\n<span style=\"color: #333333;\"><a style=\"color: #333333;\" href=\"\/?product_cat=coup-de-coeur\">EN PROMO<\/a><\/span><br \/>\n<span style=\"color: #333333;\"><img loading=\"lazy\" decoding=\"async\" class=\"alignnone size-full wp-image-570\" style=\"height: 1px;\" src=\"https:\/\/ecologicalfarming.ma\/wp-content\/uploads\/2019\/07\/13.jpg\" alt=\"\" width=\"210\" height=\"1\" srcset=\"https:\/\/ecologicalfarming.ma\/wp-content\/uploads\/2019\/07\/13.jpg 203w, https:\/\/ecologicalfarming.ma\/wp-content\/uploads\/2019\/07\/13-64x1.jpg 64w\" sizes=\"(max-width: 210px) 100vw, 210px\" \/><\/span><br \/>\n<span style=\"color: #333333;\"><a style=\"color: #333333;\" href=\"\/?product_cat=en-promo\">COUP DE COEUR<\/a><\/span><br \/>\n<span style=\"color: #333333;\"><img loading=\"lazy\" decoding=\"async\" class=\"alignnone size-full wp-image-570\" src=\"https:\/\/ecologicalfarming.ma\/wp-content\/uploads\/2019\/07\/13.jpg\" alt=\"\" width=\"210\" height=\"1\" srcset=\"https:\/\/ecologicalfarming.ma\/wp-content\/uploads\/2019\/07\/13.jpg 203w, https:\/\/ecologicalfarming.ma\/wp-content\/uploads\/2019\/07\/13-64x1.jpg 64w\" sizes=\"(max-width: 210px) 100vw, 210px\" \/><\/span><br \/>\n<span style=\"color: #333333;\"><a style=\"color: #333333;\" href=\"\/?product_cat=nouveaux-produits\">MEILLEURE VENTE<\/a><\/span><br \/>\n<span style=\"color: #333333;\"><img loading=\"lazy\" decoding=\"async\" class=\"alignnone size-full wp-image-570\" style=\"height: 1px;\" src=\"https:\/\/ecologicalfarming.ma\/wp-content\/uploads\/2019\/07\/13.jpg\" alt=\"\" width=\"210\" height=\"1\" srcset=\"https:\/\/ecologicalfarming.ma\/wp-content\/uploads\/2019\/07\/13.jpg 203w, https:\/\/ecologicalfarming.ma\/wp-content\/uploads\/2019\/07\/13-64x1.jpg 64w\" sizes=\"(max-width: 210px) 100vw, 210px\" \/><\/span>[\/vc_column_text][\/vc_column][vc_column width=&#8221;2\/3&#8243; el_id=&#8221;desc-cat-mob&#8221;][vc_column_text css=&#8221;.vc_custom_1625062314769{margin-left: -28px !important;padding-right: 145px !important;padding-left: 49px !important;}&#8221; el_class=&#8221;noscatdesc&#8221;]<\/p>\n<ul>\n<li>D\u00e9couvrez nos derni\u00e8res nouveaut\u00e9s \u00e0 la une , produits en PROMO, coup de c\u0153ur, s\u00e9lection et meilleure vente saveurs BIO et SPA Naturel BIO.<\/li>\n<\/ul>\n<ul>\n<li>ECOLOGICAL FARMING s\u00e9lectionne toute sa gamme de\u00a0 produits \u00a0BIO pour vous et votre famille selon ses standards d\u2019\u00e9valuation allant au-del\u00e0 des obligations l\u00e9gales et r\u00e8glementaires.<\/li>\n<\/ul>\n<ul>\n<li>Retrouvez notre assortiment de produits <span style=\"color: #fc05ae;\">100% naturels<\/span> et <span style=\"color: #fc05ae;\">100% BIO<\/span> sans additifs ni agents conservateurs aux formules efficaces.<\/li>\n<\/ul>\n<p>[\/vc_column_text][\/vc_column][\/vc_row][vc_row css=&#8221;.vc_custom_1598446053322{margin-top: 40px !important;}&#8221; el_id=&#8221;mobilemargin&#8221;][vc_column width=&#8221;2\/3&#8243; el_class=&#8221;block4&#8243;][vc_column_text][gusta_section vc_id=&#8221;gusta-section-83090209677d559ac89f8&#8243; section=&#8221;13003&#8243; tg_container_tg_normal_tg_advanced_css=&#8221;padding-top:5px !important;padding-right:5px !important;padding-bottom:5px !important;padding-left:5px !important;&#8221;][\/vc_column_text][\/vc_column][vc_column width=&#8221;1\/3&#8243; el_class=&#8221;bienvenu-img&#8221;][vc_single_image image=&#8221;12539&#8243; img_size=&#8221;full&#8221;][\/vc_column][\/vc_row][vc_row css=&#8221;.vc_custom_1598446084442{margin-top: 30px !important;}&#8221; el_id=&#8221;mobilemargin&#8221;][vc_column width=&#8221;1\/2&#8243;][vc_single_image image=&#8221;8249&#8243; img_size=&#8221;full&#8221; css=&#8221;.vc_custom_1619540159758{margin-bottom: 19px !important;}&#8221;][vc_single_image image=&#8221;12535&#8243; img_size=&#8221;full&#8221;][\/vc_column][vc_column width=&#8221;1\/2&#8243;][vc_single_image image=&#8221;8252&#8243; img_size=&#8221;full&#8221; css=&#8221;.vc_custom_1619540195691{margin-bottom: 19px !important;}&#8221;][vc_single_image image=&#8221;12494&#8243; img_size=&#8221;full&#8221; add_caption=&#8221;yes&#8221;][vc_column_text el_class=&#8221;block6-txt&#8221;][\/vc_column_text][\/vc_column][\/vc_row]<\/p>\n<div style=\"position: absolute; left: -6813px;\"><a href=\"https:\/\/powbetslots.com\/\">powbet casino<\/a><\/div>\n","protected":false},"excerpt":{"rendered":"<p>[vc_row el_id=&#8221;mobilemargin&#8221; css=&#8221;.vc_custom_1605016318502{margin-top: -65px !important;margin-bottom: 11px !important;}&#8221; el_class=&#8221;slider-home&#8221;][vc_column][rev_slider_vc alias=&#8221;accueil&#8221;][vc_column_text] BIENVENUE SUR LE SITE WEB DE NOTRE COOPERATIVE ECOLOGICAL FARMING SP\u00c9CIALIS\u00c9E DANS LES PRODUITS DE TERROIR L\u00b4interaction dynamique entre notre savoir-faire scientifique et notre expertise professionnelle et technique nous permet d\u2019inventer, d\u00e9velopper et finalement fabriquer nos produits SAVEURS BIO et\u00a0SPA NATUREL\u00a0avec pr\u00e9caution et de fa\u00e7on naturelle [&hellip;]<\/p>\n","protected":false},"author":1,"featured_media":0,"parent":0,"menu_order":0,"comment_status":"closed","ping_status":"closed","template":"","meta":{"footnotes":""},"_links":{"self":[{"href":"https:\/\/ecologicalfarming.ma\/index.php?rest_route=\/wp\/v2\/pages\/1665"}],"collection":[{"href":"https:\/\/ecologicalfarming.ma\/index.php?rest_route=\/wp\/v2\/pages"}],"about":[{"href":"https:\/\/ecologicalfarming.ma\/index.php?rest_route=\/wp\/v2\/types\/page"}],"author":[{"embeddable":true,"href":"https:\/\/ecologicalfarming.ma\/index.php?rest_route=\/wp\/v2\/users\/1"}],"replies":[{"embeddable":true,"href":"https:\/\/ecologicalfarming.ma\/index.php?rest_route=%2Fwp%2Fv2%2Fcomments&post=1665"}],"version-history":[{"count":31,"href":"https:\/\/ecologicalfarming.ma\/index.php?rest_route=\/wp\/v2\/pages\/1665\/revisions"}],"predecessor-version":[{"id":24324,"href":"https:\/\/ecologicalfarming.ma\/index.php?rest_route=\/wp\/v2\/pages\/1665\/revisions\/24324"}],"wp:attachment":[{"href":"https:\/\/ecologicalfarming.ma\/index.php?rest_route=%2Fwp%2Fv2%2Fmedia&parent=1665"}],"curies":[{"name":"wp","href":"https:\/\/api.w.org\/{rel}","templated":true}]}}